{"id":3890,"date":"2026-04-03T11:45:29","date_gmt":"2026-04-03T09:45:29","guid":{"rendered":"https:\/\/www.hpanorama.it\/fruehstueck\/"},"modified":"2026-04-23T12:32:21","modified_gmt":"2026-04-23T10:32:21","slug":"fruehstueck","status":"publish","type":"page","link":"https:\/\/www.hpanorama.it\/de\/fruehstueck\/","title":{"rendered":"Fr\u00fchst\u00fcck"},"content":{"rendered":"\t\t<div data-elementor-type=\"wp-page\" data-elementor-id=\"3890\" class=\"elementor elementor-3890 elementor-2847\" data-elementor-post-type=\"page\">\n\t\t\t\t<div class=\"elementor-element elementor-element-a3ecf3a e-con-full slidertop e-flex e-con e-parent\" data-id=\"a3ecf3a\" data-element_type=\"container\" data-e-type=\"container\">\n\t\t\t\t<div class=\"elementor-element elementor-element-4cf8b02 elementor-absolute elementor-invisible elementor-widget elementor-widget-image\" data-id=\"4cf8b02\" data-element_type=\"widget\" data-e-type=\"widget\" data-settings=\"{&quot;_position&quot;:&quot;absolute&quot;,&quot;motion_fx_motion_fx_scrolling&quot;:&quot;yes&quot;,&quot;motion_fx_translateY_effect&quot;:&quot;yes&quot;,&quot;motion_fx_translateY_direction&quot;:&quot;negative&quot;,&quot;motion_fx_translateY_speed&quot;:{&quot;unit&quot;:&quot;px&quot;,&quot;size&quot;:2,&quot;sizes&quot;:[]},&quot;motion_fx_devices&quot;:[&quot;desktop&quot;,&quot;laptop&quot;,&quot;tablet_extra&quot;],&quot;_animation&quot;:&quot;fadeIn&quot;,&quot;motion_fx_translateY_affectedRange&quot;:{&quot;unit&quot;:&quot;%&quot;,&quot;size&quot;:&quot;&quot;,&quot;sizes&quot;:{&quot;start&quot;:0,&quot;end&quot;:100}}}\" data-widget_type=\"image.default\">\n\t\t\t\t<div class=\"elementor-widget-container\">\n\t\t\t\t\t\t\t\t\t\t\t\t\t\t\t<img decoding=\"async\" src=\"https:\/\/www.hpanorama.it\/wp-content\/uploads\/2026\/02\/deco04-hpanorama.svg\" title=\"\" alt=\"\" loading=\"lazy\" \/>\t\t\t\t\t\t\t\t\t\t\t\t\t\t\t<\/div>\n\t\t\t\t<\/div>\n\t\t\t\t<div class=\"elementor-element elementor-element-cee7e0f elementor-widget__width-inherit elementor--h-position-center elementor--v-position-middle elementor-arrows-position-inside elementor-widget elementor-widget-slides\" data-id=\"cee7e0f\" data-element_type=\"widget\" data-e-type=\"widget\" data-settings=\"{&quot;navigation&quot;:&quot;arrows&quot;,&quot;autoplay_speed&quot;:4000,&quot;transition_speed&quot;:800,&quot;autoplay&quot;:&quot;yes&quot;,&quot;pause_on_hover&quot;:&quot;yes&quot;,&quot;pause_on_interaction&quot;:&quot;yes&quot;,&quot;infinite&quot;:&quot;yes&quot;,&quot;transition&quot;:&quot;slide&quot;}\" data-widget_type=\"slides.default\">\n\t\t\t\t<div class=\"elementor-widget-container\">\n\t\t\t\t\t\t\t\t\t<div class=\"elementor-swiper\">\n\t\t\t\t\t<div class=\"elementor-slides-wrapper elementor-main-swiper swiper\" role=\"region\" aria-roledescription=\"carousel\" aria-label=\"Slides\" dir=\"ltr\" data-animation=\"fadeInUp\">\n\t\t\t\t<div class=\"swiper-wrapper elementor-slides\">\n\t\t\t\t\t\t\t\t\t\t<div class=\"elementor-repeater-item-bbea943 swiper-slide\" role=\"group\" aria-roledescription=\"slide\"><div class=\"swiper-slide-bg\" role=\"img\" aria-label=\"Colazione italiana con cappuccino, succhi, affettati, formaggi, pane, cornetti, frutta e marmellate.\"><\/div><div class=\"swiper-slide-inner\" ><div class=\"swiper-slide-contents\"><\/div><\/div><\/div><div class=\"elementor-repeater-item-773576c swiper-slide\" role=\"group\" aria-roledescription=\"slide\"><div class=\"swiper-slide-bg\" role=\"img\" aria-label=\"Due persone sorridenti mentre fanno colazione insieme in un ristorante accogliente.\"><\/div><div class=\"swiper-slide-inner\" ><div class=\"swiper-slide-contents\"><\/div><\/div><\/div><div class=\"elementor-repeater-item-3ca3e35 swiper-slide\" role=\"group\" aria-roledescription=\"slide\"><div class=\"swiper-slide-bg\" role=\"img\" aria-label=\"Buffet colazione in un hotel con succhi, marmellate e cereali.\"><\/div><div class=\"swiper-slide-inner\" ><div class=\"swiper-slide-contents\"><\/div><\/div><\/div><div class=\"elementor-repeater-item-6263f7e swiper-slide\" role=\"group\" aria-roledescription=\"slide\"><div class=\"swiper-slide-bg\" role=\"img\" aria-label=\"Buffet per la colazione in un hotel con bevande e dolci su un bancone di legno.\"><\/div><div class=\"swiper-slide-inner\" ><div class=\"swiper-slide-contents\"><\/div><\/div><\/div>\t\t\t\t<\/div>\n\t\t\t\t\t\t\t\t\t\t\t\t\t\t\t<div class=\"elementor-swiper-button elementor-swiper-button-prev\" role=\"button\" tabindex=\"0\" aria-label=\"Vorheriger Slide\">\n\t\t\t\t\t\t\t<svg aria-hidden=\"true\" class=\"e-font-icon-svg e-eicon-chevron-left\" viewBox=\"0 0 1000 1000\" xmlns=\"http:\/\/www.w3.org\/2000\/svg\"><path d=\"M646 125C629 125 613 133 604 142L308 442C296 454 292 471 292 487 292 504 296 521 308 533L604 854C617 867 629 875 646 875 663 875 679 871 692 858 704 846 713 829 713 812 713 796 708 779 692 767L438 487 692 225C700 217 708 204 708 187 708 171 704 154 692 142 675 129 663 125 646 125Z\"><\/path><\/svg>\t\t\t\t\t\t<\/div>\n\t\t\t\t\t\t<div class=\"elementor-swiper-button elementor-swiper-button-next\" role=\"button\" tabindex=\"0\" aria-label=\"N\u00e4chster Slide\">\n\t\t\t\t\t\t\t<svg aria-hidden=\"true\" class=\"e-font-icon-svg e-eicon-chevron-right\" viewBox=\"0 0 1000 1000\" xmlns=\"http:\/\/www.w3.org\/2000\/svg\"><path d=\"M696 533C708 521 713 504 713 487 713 471 708 454 696 446L400 146C388 133 375 125 354 125 338 125 325 129 313 142 300 154 292 171 292 187 292 204 296 221 308 233L563 492 304 771C292 783 288 800 288 817 288 833 296 850 308 863 321 871 338 875 354 875 371 875 388 867 400 854L696 533Z\"><\/path><\/svg>\t\t\t\t\t\t<\/div>\n\t\t\t\t\t\t\t\t\t\t\t\t\t\t\t\t\t<\/div>\n\t\t\t\t<\/div>\n\t\t\t\t\t\t\t\t<\/div>\n\t\t\t\t<\/div>\n\t\t<div class=\"elementor-element elementor-element-36ceba2 e-flex e-con-boxed e-con e-child\" data-id=\"36ceba2\" data-element_type=\"container\" data-e-type=\"container\" data-settings=\"{&quot;background_background&quot;:&quot;gradient&quot;,&quot;position&quot;:&quot;absolute&quot;}\">\n\t\t\t\t\t<div class=\"e-con-inner\">\n\t\t\t\t<div class=\"elementor-element elementor-element-0161e96 elementor-widget elementor-widget-heading\" data-id=\"0161e96\" data-element_type=\"widget\" data-e-type=\"widget\" data-widget_type=\"heading.default\">\n\t\t\t\t<div class=\"elementor-widget-container\">\n\t\t\t\t\t<h1 class=\"elementor-heading-title elementor-size-default\">Fr\u00fchst\u00fcck<\/h1>\t\t\t\t<\/div>\n\t\t\t\t<\/div>\n\t\t\t\t<div class=\"elementor-element elementor-element-760a04a elementor-widget elementor-widget-heading\" data-id=\"760a04a\" data-element_type=\"widget\" data-e-type=\"widget\" data-widget_type=\"heading.default\">\n\t\t\t\t<div class=\"elementor-widget-container\">\n\t\t\t\t\t<h2 class=\"elementor-heading-title elementor-size-default\">Ein angenehmes, ruhiges Erwachen<\/h2>\t\t\t\t<\/div>\n\t\t\t\t<\/div>\n\t\t\t\t\t<\/div>\n\t\t\t\t<\/div>\n\t\t\t\t<\/div>\n\t\t<div class=\"elementor-element elementor-element-0d24c3b e-flex e-con-boxed e-con e-parent\" data-id=\"0d24c3b\" data-element_type=\"container\" data-e-type=\"container\" data-settings=\"{&quot;background_background&quot;:&quot;classic&quot;}\">\n\t\t\t\t\t<div class=\"e-con-inner\">\n\t\t<div class=\"elementor-element elementor-element-0af841c e-con-full bu e-flex e-con e-child\" data-id=\"0af841c\" data-element_type=\"container\" data-e-type=\"container\">\n\t\t\t\t<div class=\"elementor-element elementor-element-e7d236c elementor-widget elementor-widget-text-editor\" data-id=\"e7d236c\" data-element_type=\"widget\" data-e-type=\"widget\" data-widget_type=\"text-editor.default\">\n\t\t\t\t<div class=\"elementor-widget-container\">\n\t\t\t\t\t\t\t\t\t<p>Der Tag in den Bergen beginnt immer mit einer kleinen Aufmerksamkeit: einem guten Fr\u00fchst\u00fcck.<\/p>\n<p>Unser Fr\u00fchst\u00fccksbuffet ist <strong>reichhaltig und abwechslungsreich<\/strong>. Michele backt mit viel Sorgfalt verschiedene leckere und gesunde Kuchen, die mit ihrem unnachahmlichen Geschmack von \u201e<strong>hausgemacht<\/strong>\u201c Kindheitserinnerungen wecken werden.<\/p>\n\t\t\t\t\t\t\t\t<\/div>\n\t\t\t\t<\/div>\n\t\t\t\t<\/div>\n\t\t\t\t<div class=\"elementor-element elementor-element-f3091b2 elementor-absolute elementor-widget elementor-widget-image\" data-id=\"f3091b2\" data-element_type=\"widget\" data-e-type=\"widget\" data-settings=\"{&quot;_position&quot;:&quot;absolute&quot;,&quot;motion_fx_motion_fx_scrolling&quot;:&quot;yes&quot;,&quot;motion_fx_opacity_range&quot;:{&quot;unit&quot;:&quot;%&quot;,&quot;size&quot;:&quot;&quot;,&quot;sizes&quot;:{&quot;start&quot;:0,&quot;end&quot;:50}},&quot;motion_fx_opacity_effect&quot;:&quot;yes&quot;,&quot;motion_fx_translateY_effect&quot;:&quot;yes&quot;,&quot;motion_fx_translateY_direction&quot;:&quot;negative&quot;,&quot;motion_fx_translateY_speed&quot;:{&quot;unit&quot;:&quot;px&quot;,&quot;size&quot;:2,&quot;sizes&quot;:[]},&quot;motion_fx_devices&quot;:[&quot;desktop&quot;,&quot;laptop&quot;,&quot;tablet_extra&quot;],&quot;motion_fx_translateY_affectedRange&quot;:{&quot;unit&quot;:&quot;%&quot;,&quot;size&quot;:&quot;&quot;,&quot;sizes&quot;:{&quot;start&quot;:0,&quot;end&quot;:100}},&quot;motion_fx_opacity_direction&quot;:&quot;out-in&quot;,&quot;motion_fx_opacity_level&quot;:{&quot;unit&quot;:&quot;px&quot;,&quot;size&quot;:10,&quot;sizes&quot;:[]}}\" data-widget_type=\"image.default\">\n\t\t\t\t<div class=\"elementor-widget-container\">\n\t\t\t\t\t\t\t\t\t\t\t\t\t\t\t<img fetchpriority=\"high\" decoding=\"async\" width=\"1600\" height=\"1067\" src=\"https:\/\/www.hpanorama.it\/wp-content\/uploads\/2026\/04\/colazione59-hpanorama.webp\" class=\"attachment-full size-full wp-image-4281\" alt=\"Un piatto di croissant spolverati di zucchero a velo.\" srcset=\"https:\/\/www.hpanorama.it\/wp-content\/uploads\/2026\/04\/colazione59-hpanorama.webp 1600w, https:\/\/www.hpanorama.it\/wp-content\/uploads\/2026\/04\/colazione59-hpanorama-300x200.webp 300w, https:\/\/www.hpanorama.it\/wp-content\/uploads\/2026\/04\/colazione59-hpanorama-1024x683.webp 1024w, https:\/\/www.hpanorama.it\/wp-content\/uploads\/2026\/04\/colazione59-hpanorama-768x512.webp 768w, https:\/\/www.hpanorama.it\/wp-content\/uploads\/2026\/04\/colazione59-hpanorama-1536x1024.webp 1536w\" sizes=\"(max-width: 1600px) 100vw, 1600px\" \/>\t\t\t\t\t\t\t\t\t\t\t\t\t\t\t<\/div>\n\t\t\t\t<\/div>\n\t\t\t\t\t<\/div>\n\t\t\t\t<\/div>\n\t\t<div class=\"elementor-element elementor-element-72ec387 e-con-full e-flex e-con e-parent\" data-id=\"72ec387\" data-element_type=\"container\" data-e-type=\"container\" data-settings=\"{&quot;background_background&quot;:&quot;classic&quot;}\">\n\t\t<div class=\"elementor-element elementor-element-0b47b80 e-con-full br e-flex e-con e-child\" data-id=\"0b47b80\" data-element_type=\"container\" data-e-type=\"container\" data-settings=\"{&quot;background_background&quot;:&quot;classic&quot;,&quot;background_motion_fx_motion_fx_scrolling&quot;:&quot;yes&quot;,&quot;background_motion_fx_translateX_effect&quot;:&quot;yes&quot;,&quot;background_motion_fx_translateX_speed&quot;:{&quot;unit&quot;:&quot;px&quot;,&quot;size&quot;:2,&quot;sizes&quot;:[]},&quot;background_motion_fx_devices&quot;:[&quot;desktop&quot;,&quot;laptop&quot;,&quot;tablet_extra&quot;],&quot;background_motion_fx_translateX_affectedRange&quot;:{&quot;unit&quot;:&quot;%&quot;,&quot;size&quot;:&quot;&quot;,&quot;sizes&quot;:{&quot;start&quot;:0,&quot;end&quot;:100}}}\">\n\t\t\t\t<div class=\"elementor-element elementor-element-abdc1e0 elementor-widget elementor-widget-heading\" data-id=\"abdc1e0\" data-element_type=\"widget\" data-e-type=\"widget\" data-widget_type=\"heading.default\">\n\t\t\t\t<div class=\"elementor-widget-container\">\n\t\t\t\t\t<h2 class=\"elementor-heading-title elementor-size-default\">S\u00fc\u00dfes und herzhaftes Buffet<\/h2>\t\t\t\t<\/div>\n\t\t\t\t<\/div>\n\t\t\t\t<div class=\"elementor-element elementor-element-84eb3a4 elementor-widget elementor-widget-text-editor\" data-id=\"84eb3a4\" data-element_type=\"widget\" data-e-type=\"widget\" data-widget_type=\"text-editor.default\">\n\t\t\t\t<div class=\"elementor-widget-container\">\n\t\t\t\t\t\t\t\t\t<p>Egal, ob du eher ein Fan eines \u201egem\u00fctlichen Fr\u00fchst\u00fccks\u201c oder eines \u201eSprint-Starts\u201c bist \u2013 du kannst w\u00e4hlen, was dir am besten gef\u00e4llt, und dein eigenes Tempo bestimmen: etwas Leichtes oder ein reichhaltigeres Fr\u00fchst\u00fcck, um mit der richtigen Energie in den Bergstart zu gehen. <\/p>\n<p>Unter unseren Angeboten findest du eine gro\u00dfe Auswahl an s\u00fc\u00dfen und herzhaften Speisen, darunter Eier, K\u00e4se, Aufschnitt und vier Milchsorten (frische Kuhmilch, Soja, Mandel und laktosefrei), um allen Bed\u00fcrfnissen gerecht zu werden.<\/p>\n\t\t\t\t\t\t\t\t<\/div>\n\t\t\t\t<\/div>\n\t\t\t\t<\/div>\n\t\t\t\t<div class=\"elementor-element elementor-element-597d762 elementor-absolute elementor-widget elementor-widget-image\" data-id=\"597d762\" data-element_type=\"widget\" data-e-type=\"widget\" data-settings=\"{&quot;_position&quot;:&quot;absolute&quot;,&quot;motion_fx_motion_fx_scrolling&quot;:&quot;yes&quot;,&quot;motion_fx_opacity_range&quot;:{&quot;unit&quot;:&quot;%&quot;,&quot;size&quot;:&quot;&quot;,&quot;sizes&quot;:{&quot;start&quot;:0,&quot;end&quot;:50}},&quot;motion_fx_opacity_effect&quot;:&quot;yes&quot;,&quot;motion_fx_devices&quot;:[&quot;desktop&quot;,&quot;laptop&quot;,&quot;tablet_extra&quot;],&quot;motion_fx_opacity_direction&quot;:&quot;out-in&quot;,&quot;motion_fx_opacity_level&quot;:{&quot;unit&quot;:&quot;px&quot;,&quot;size&quot;:10,&quot;sizes&quot;:[]}}\" data-widget_type=\"image.default\">\n\t\t\t\t<div class=\"elementor-widget-container\">\n\t\t\t\t\t\t\t\t\t\t\t\t\t\t\t<img decoding=\"async\" width=\"2048\" height=\"1384\" src=\"https:\/\/www.hpanorama.it\/wp-content\/uploads\/2026\/04\/colazione11-hpanorama-scaled.webp\" class=\"attachment-full size-full wp-image-4279\" alt=\"Buffet di colazione con assortimento di pane, salumi e formaggi.\" srcset=\"https:\/\/www.hpanorama.it\/wp-content\/uploads\/2026\/04\/colazione11-hpanorama-scaled.webp 2048w, https:\/\/www.hpanorama.it\/wp-content\/uploads\/2026\/04\/colazione11-hpanorama-300x203.webp 300w, https:\/\/www.hpanorama.it\/wp-content\/uploads\/2026\/04\/colazione11-hpanorama-1024x692.webp 1024w, https:\/\/www.hpanorama.it\/wp-content\/uploads\/2026\/04\/colazione11-hpanorama-768x519.webp 768w, https:\/\/www.hpanorama.it\/wp-content\/uploads\/2026\/04\/colazione11-hpanorama-1536x1038.webp 1536w\" sizes=\"(max-width: 2048px) 100vw, 2048px\" loading=\"lazy\" \/>\t\t\t\t\t\t\t\t\t\t\t\t\t\t\t<\/div>\n\t\t\t\t<\/div>\n\t\t\t\t<\/div>\n\t\t<div class=\"elementor-element elementor-element-fe47ae9 e-con-full e-flex e-con e-parent\" data-id=\"fe47ae9\" data-element_type=\"container\" data-e-type=\"container\" data-settings=\"{&quot;background_background&quot;:&quot;classic&quot;}\">\n\t\t<div class=\"elementor-element elementor-element-2e0ccbd e-con-full bl e-flex e-con e-child\" data-id=\"2e0ccbd\" data-element_type=\"container\" data-e-type=\"container\" data-settings=\"{&quot;background_background&quot;:&quot;classic&quot;,&quot;background_motion_fx_motion_fx_scrolling&quot;:&quot;yes&quot;,&quot;background_motion_fx_translateX_effect&quot;:&quot;yes&quot;,&quot;background_motion_fx_translateX_direction&quot;:&quot;negative&quot;,&quot;background_motion_fx_translateX_speed&quot;:{&quot;unit&quot;:&quot;px&quot;,&quot;size&quot;:2,&quot;sizes&quot;:[]},&quot;background_motion_fx_devices&quot;:[&quot;desktop&quot;,&quot;laptop&quot;,&quot;tablet_extra&quot;],&quot;background_motion_fx_translateX_affectedRange&quot;:{&quot;unit&quot;:&quot;%&quot;,&quot;size&quot;:&quot;&quot;,&quot;sizes&quot;:{&quot;start&quot;:0,&quot;end&quot;:100}}}\">\n\t\t\t\t<div class=\"elementor-element elementor-element-9054254 elementor-widget elementor-widget-heading\" data-id=\"9054254\" data-element_type=\"widget\" data-e-type=\"widget\" data-widget_type=\"heading.default\">\n\t\t\t\t<div class=\"elementor-widget-container\">\n\t\t\t\t\t<h2 class=\"elementor-heading-title elementor-size-default\">Glutenfreie Ecke<\/h2>\t\t\t\t<\/div>\n\t\t\t\t<\/div>\n\t\t\t\t<div class=\"elementor-element elementor-element-6b75681 elementor-widget elementor-widget-text-editor\" data-id=\"6b75681\" data-element_type=\"widget\" data-e-type=\"widget\" data-widget_type=\"text-editor.default\">\n\t\t\t\t<div class=\"elementor-widget-container\">\n\t\t\t\t\t\t\t\t\t<p>Bei uns ist glutenfrei kein nachtr\u00e4glicher Einfall, sondern eine echte Leidenschaft. <br \/><strong>Auch beim Fr\u00fchst\u00fcck<\/strong> gibt es eine eigene Ecke, in der bei der Zubereitung und beim Service gr\u00f6\u00dfte Sorgfalt walten, denn f\u00fcr uns steht das Wohlbefinden an erster Stelle.<\/p>\n<p>Es fehlt nie ein Kuchen, der <strong>laktosefrei<\/strong> zubereitet wurde, um allen unseren G\u00e4sten einen s\u00fc\u00dfen Start in den Tag zu garantieren.<\/p>\n\t\t\t\t\t\t\t\t<\/div>\n\t\t\t\t<\/div>\n\t\t\t\t<\/div>\n\t\t\t\t<div class=\"elementor-element elementor-element-4b78aaa elementor-absolute elementor-widget elementor-widget-image\" data-id=\"4b78aaa\" data-element_type=\"widget\" data-e-type=\"widget\" data-settings=\"{&quot;_position&quot;:&quot;absolute&quot;,&quot;motion_fx_motion_fx_scrolling&quot;:&quot;yes&quot;,&quot;motion_fx_opacity_range&quot;:{&quot;unit&quot;:&quot;%&quot;,&quot;size&quot;:&quot;&quot;,&quot;sizes&quot;:{&quot;start&quot;:0,&quot;end&quot;:50}},&quot;motion_fx_opacity_effect&quot;:&quot;yes&quot;,&quot;motion_fx_devices&quot;:[&quot;desktop&quot;,&quot;laptop&quot;,&quot;tablet_extra&quot;],&quot;motion_fx_opacity_direction&quot;:&quot;out-in&quot;,&quot;motion_fx_opacity_level&quot;:{&quot;unit&quot;:&quot;px&quot;,&quot;size&quot;:10,&quot;sizes&quot;:[]}}\" data-widget_type=\"image.default\">\n\t\t\t\t<div class=\"elementor-widget-container\">\n\t\t\t\t\t\t\t\t\t\t\t\t\t\t\t<img decoding=\"async\" width=\"1600\" height=\"1067\" src=\"https:\/\/www.hpanorama.it\/wp-content\/uploads\/2026\/04\/colazione62-hpanorama.webp\" class=\"attachment-full size-full wp-image-4277\" alt=\"Prodotti senza glutine con un cartello scritto &quot;Gluten Free&quot;.\" srcset=\"https:\/\/www.hpanorama.it\/wp-content\/uploads\/2026\/04\/colazione62-hpanorama.webp 1600w, https:\/\/www.hpanorama.it\/wp-content\/uploads\/2026\/04\/colazione62-hpanorama-300x200.webp 300w, https:\/\/www.hpanorama.it\/wp-content\/uploads\/2026\/04\/colazione62-hpanorama-1024x683.webp 1024w, https:\/\/www.hpanorama.it\/wp-content\/uploads\/2026\/04\/colazione62-hpanorama-768x512.webp 768w, https:\/\/www.hpanorama.it\/wp-content\/uploads\/2026\/04\/colazione62-hpanorama-1536x1024.webp 1536w\" sizes=\"(max-width: 1600px) 100vw, 1600px\" loading=\"lazy\" \/>\t\t\t\t\t\t\t\t\t\t\t\t\t\t\t<\/div>\n\t\t\t\t<\/div>\n\t\t\t\t<\/div>\n\t\t<div class=\"elementor-element elementor-element-506868e e-flex e-con-boxed e-con e-parent\" data-id=\"506868e\" data-element_type=\"container\" data-e-type=\"container\" data-settings=\"{&quot;background_background&quot;:&quot;classic&quot;}\">\n\t\t\t\t\t<div class=\"e-con-inner\">\n\t\t\t\t<div class=\"elementor-element elementor-element-9fe916d elementor-widget elementor-widget-heading\" data-id=\"9fe916d\" data-element_type=\"widget\" data-e-type=\"widget\" data-widget_type=\"heading.default\">\n\t\t\t\t<div class=\"elementor-widget-container\">\n\t\t\t\t\t<h4 class=\"elementor-heading-title elementor-size-default\">Die Freude an einem guten Start<\/h4>\t\t\t\t<\/div>\n\t\t\t\t<\/div>\n\t\t\t\t<div class=\"elementor-element elementor-element-f89ca7c elementor-widget elementor-widget-text-editor\" data-id=\"f89ca7c\" data-element_type=\"widget\" data-e-type=\"widget\" data-widget_type=\"text-editor.default\">\n\t\t\t\t<div class=\"elementor-widget-container\">\n\t\t\t\t\t\t\t\t\t<p>Setz dich, atme tief durch, schau nach drau\u00dfen: <strong>San Martino di Castrozza<\/strong> liegt schon vor dir, bereit, dich willkommen zu hei\u00dfen. Und du kannst auf die beste Art und Weise in den Tag starten: mit <strong>einem guten und authentischen Start in den Tag<\/strong>.<\/p>\n\t\t\t\t\t\t\t\t<\/div>\n\t\t\t\t<\/div>\n\t\t\t\t<div class=\"elementor-element elementor-element-0ca8894 elementor-absolute elementor-widget elementor-widget-image\" data-id=\"0ca8894\" data-element_type=\"widget\" data-e-type=\"widget\" data-settings=\"{&quot;_position&quot;:&quot;absolute&quot;,&quot;motion_fx_motion_fx_scrolling&quot;:&quot;yes&quot;,&quot;motion_fx_translateY_effect&quot;:&quot;yes&quot;,&quot;motion_fx_translateY_direction&quot;:&quot;negative&quot;,&quot;motion_fx_translateY_speed&quot;:{&quot;unit&quot;:&quot;px&quot;,&quot;size&quot;:2,&quot;sizes&quot;:[]},&quot;motion_fx_devices&quot;:[&quot;desktop&quot;,&quot;laptop&quot;,&quot;tablet_extra&quot;],&quot;motion_fx_translateY_affectedRange&quot;:{&quot;unit&quot;:&quot;%&quot;,&quot;size&quot;:&quot;&quot;,&quot;sizes&quot;:{&quot;start&quot;:0,&quot;end&quot;:100}}}\" data-widget_type=\"image.default\">\n\t\t\t\t<div class=\"elementor-widget-container\">\n\t\t\t\t\t\t\t\t\t\t\t\t\t\t\t<img decoding=\"async\" src=\"https:\/\/www.hpanorama.it\/wp-content\/uploads\/2026\/02\/deco04-hpanorama.svg\" class=\"attachment-full size-full wp-image-1875\" alt=\"\" loading=\"lazy\" \/>\t\t\t\t\t\t\t\t\t\t\t\t\t\t\t<\/div>\n\t\t\t\t<\/div>\n\t\t\t\t\t<\/div>\n\t\t\t\t<\/div>\n\t\t\t\t<\/div>\n\t\t","protected":false},"excerpt":{"rendered":"<p>Fr\u00fchst\u00fcck Ein angenehmes, ruhiges Erwachen Der Tag in den Bergen beginnt immer mit einer kleinen Aufmerksamkeit: einem guten Fr\u00fchst\u00fcck. Unser Fr\u00fchst\u00fccksbuffet ist reichhaltig und abwechslungsreich. Michele backt mit viel Sorgfalt verschiedene leckere und gesunde Kuchen, die mit ihrem unnachahmlichen Geschmack von \u201ehausgemacht\u201c Kindheitserinnerungen wecken werden. S\u00fc\u00dfes und herzhaftes Buffet Egal, ob du eher ein Fan [&hellip;]<\/p>\n","protected":false},"author":2,"featured_media":0,"parent":0,"menu_order":0,"comment_status":"closed","ping_status":"closed","template":"","meta":{"_acf_changed":false,"footnotes":""},"class_list":["post-3890","page","type-page","status-publish","hentry"],"acf":[],"_links":{"self":[{"href":"https:\/\/www.hpanorama.it\/de\/wp-json\/wp\/v2\/pages\/3890","targetHints":{"allow":["GET"]}}],"collection":[{"href":"https:\/\/www.hpanorama.it\/de\/wp-json\/wp\/v2\/pages"}],"about":[{"href":"https:\/\/www.hpanorama.it\/de\/wp-json\/wp\/v2\/types\/page"}],"author":[{"embeddable":true,"href":"https:\/\/www.hpanorama.it\/de\/wp-json\/wp\/v2\/users\/2"}],"replies":[{"embeddable":true,"href":"https:\/\/www.hpanorama.it\/de\/wp-json\/wp\/v2\/comments?post=3890"}],"version-history":[{"count":1,"href":"https:\/\/www.hpanorama.it\/de\/wp-json\/wp\/v2\/pages\/3890\/revisions"}],"predecessor-version":[{"id":3891,"href":"https:\/\/www.hpanorama.it\/de\/wp-json\/wp\/v2\/pages\/3890\/revisions\/3891"}],"wp:attachment":[{"href":"https:\/\/www.hpanorama.it\/de\/wp-json\/wp\/v2\/media?parent=3890"}],"curies":[{"name":"wp","href":"https:\/\/api.w.org\/{rel}","templated":true}]}}