{"id":3900,"date":"2026-04-03T09:49:20","date_gmt":"2026-04-03T07:49:20","guid":{"rendered":"https:\/\/www.hpanorama.it\/wo-wir-sind\/"},"modified":"2026-04-23T12:35:44","modified_gmt":"2026-04-23T10:35:44","slug":"wo-wir-sind","status":"publish","type":"page","link":"https:\/\/www.hpanorama.it\/de\/wo-wir-sind\/","title":{"rendered":"Wo wir sind"},"content":{"rendered":"\t\t<div data-elementor-type=\"wp-page\" data-elementor-id=\"3900\" class=\"elementor elementor-3900 elementor-2684\" data-elementor-post-type=\"page\">\n\t\t\t\t<div class=\"elementor-element elementor-element-a3ecf3a e-con-full slidertop e-flex e-con e-parent\" data-id=\"a3ecf3a\" data-element_type=\"container\" data-e-type=\"container\">\n\t\t\t\t<div class=\"elementor-element elementor-element-4cf8b02 elementor-absolute elementor-invisible elementor-widget elementor-widget-image\" data-id=\"4cf8b02\" data-element_type=\"widget\" data-e-type=\"widget\" data-settings=\"{&quot;_position&quot;:&quot;absolute&quot;,&quot;motion_fx_motion_fx_scrolling&quot;:&quot;yes&quot;,&quot;motion_fx_translateY_effect&quot;:&quot;yes&quot;,&quot;motion_fx_translateY_direction&quot;:&quot;negative&quot;,&quot;motion_fx_translateY_speed&quot;:{&quot;unit&quot;:&quot;px&quot;,&quot;size&quot;:2,&quot;sizes&quot;:[]},&quot;motion_fx_devices&quot;:[&quot;desktop&quot;,&quot;laptop&quot;,&quot;tablet_extra&quot;],&quot;_animation&quot;:&quot;fadeIn&quot;,&quot;motion_fx_translateY_affectedRange&quot;:{&quot;unit&quot;:&quot;%&quot;,&quot;size&quot;:&quot;&quot;,&quot;sizes&quot;:{&quot;start&quot;:0,&quot;end&quot;:100}}}\" data-widget_type=\"image.default\">\n\t\t\t\t<div class=\"elementor-widget-container\">\n\t\t\t\t\t\t\t\t\t\t\t\t\t\t\t<img decoding=\"async\" src=\"https:\/\/www.hpanorama.it\/wp-content\/uploads\/2026\/02\/deco04-hpanorama.svg\" title=\"\" alt=\"\" loading=\"lazy\" \/>\t\t\t\t\t\t\t\t\t\t\t\t\t\t\t<\/div>\n\t\t\t\t<\/div>\n\t\t\t\t<div class=\"elementor-element elementor-element-b5ded03 zoom-out elementor-widget elementor-widget-image\" data-id=\"b5ded03\" data-element_type=\"widget\" data-e-type=\"widget\" data-widget_type=\"image.default\">\n\t\t\t\t<div class=\"elementor-widget-container\">\n\t\t\t\t\t\t\t\t\t\t\t\t\t\t\t<img fetchpriority=\"high\" decoding=\"async\" width=\"1600\" height=\"1067\" src=\"https:\/\/www.hpanorama.it\/wp-content\/uploads\/2026\/04\/panorami24-hpanorama.webp\" class=\"attachment-full size-full wp-image-4303\" alt=\"Tramonto arancione sopra un villaggio di montagna innevato con montagne sullo sfondo.\" srcset=\"https:\/\/www.hpanorama.it\/wp-content\/uploads\/2026\/04\/panorami24-hpanorama.webp 1600w, https:\/\/www.hpanorama.it\/wp-content\/uploads\/2026\/04\/panorami24-hpanorama-300x200.webp 300w, https:\/\/www.hpanorama.it\/wp-content\/uploads\/2026\/04\/panorami24-hpanorama-1024x683.webp 1024w, https:\/\/www.hpanorama.it\/wp-content\/uploads\/2026\/04\/panorami24-hpanorama-768x512.webp 768w, https:\/\/www.hpanorama.it\/wp-content\/uploads\/2026\/04\/panorami24-hpanorama-1536x1024.webp 1536w\" sizes=\"(max-width: 1600px) 100vw, 1600px\" \/>\t\t\t\t\t\t\t\t\t\t\t\t\t\t\t<\/div>\n\t\t\t\t<\/div>\n\t\t<div class=\"elementor-element elementor-element-36ceba2 e-flex e-con-boxed e-con e-child\" data-id=\"36ceba2\" data-element_type=\"container\" data-e-type=\"container\" data-settings=\"{&quot;background_background&quot;:&quot;gradient&quot;,&quot;position&quot;:&quot;absolute&quot;}\">\n\t\t\t\t\t<div class=\"e-con-inner\">\n\t\t\t\t<div class=\"elementor-element elementor-element-0161e96 elementor-widget elementor-widget-heading\" data-id=\"0161e96\" data-element_type=\"widget\" data-e-type=\"widget\" data-widget_type=\"heading.default\">\n\t\t\t\t<div class=\"elementor-widget-container\">\n\t\t\t\t\t<h1 class=\"elementor-heading-title elementor-size-default\">Wo wir sind<\/h1>\t\t\t\t<\/div>\n\t\t\t\t<\/div>\n\t\t\t\t<div class=\"elementor-element elementor-element-760a04a elementor-widget elementor-widget-heading\" data-id=\"760a04a\" data-element_type=\"widget\" data-e-type=\"widget\" data-widget_type=\"heading.default\">\n\t\t\t\t<div class=\"elementor-widget-container\">\n\t\t\t\t\t<h2 class=\"elementor-heading-title elementor-size-default\">Erfahren Sie, wie Sie nach San Martino di Castrozza kommen, und besuchen Sie uns<\/h2>\t\t\t\t<\/div>\n\t\t\t\t<\/div>\n\t\t\t\t\t<\/div>\n\t\t\t\t<\/div>\n\t\t\t\t<\/div>\n\t\t<div class=\"elementor-element elementor-element-a8fed56 e-flex e-con-boxed e-con e-parent\" data-id=\"a8fed56\" data-element_type=\"container\" data-e-type=\"container\" data-settings=\"{&quot;background_background&quot;:&quot;classic&quot;}\">\n\t\t\t\t\t<div class=\"e-con-inner\">\n\t\t<div class=\"elementor-element elementor-element-4ac1daf e-con-full bu e-flex e-con e-child\" data-id=\"4ac1daf\" data-element_type=\"container\" data-e-type=\"container\">\n\t\t\t\t<div class=\"elementor-element elementor-element-1b1de0f elementor-widget elementor-widget-text-editor\" data-id=\"1b1de0f\" data-element_type=\"widget\" data-e-type=\"widget\" data-widget_type=\"text-editor.default\">\n\t\t\t\t<div class=\"elementor-widget-container\">\n\t\t\t\t\t\t\t\t\t<p>Wir befinden uns in <strong>San Martino di Castrozza<\/strong>, in der <strong>Via Cavallazza 14<\/strong>: eine g\u00fcnstige Lage, nur wenige Schritte vom Zentrum entfernt und ideal, um Spazierg\u00e4nge, Natur und die Annehmlichkeiten des Ortes bequem zu genie\u00dfen. <\/p>\n<p>Ob du wegen des Schnees im Winter oder wegen der Wanderwege im Sommer kommst, hier bist du am richtigen Ort, um die Berge unbeschwert zu genie\u00dfen\u2026 und mit dem Panorama vor Augen nach Hause zur\u00fcckzukehren.<\/p>\n\t\t\t\t\t\t\t\t<\/div>\n\t\t\t\t<\/div>\n\t\t\t\t<\/div>\n\t\t\t\t<div class=\"elementor-element elementor-element-6d1d664 elementor-absolute elementor-widget elementor-widget-image\" data-id=\"6d1d664\" data-element_type=\"widget\" data-e-type=\"widget\" data-settings=\"{&quot;_position&quot;:&quot;absolute&quot;,&quot;motion_fx_motion_fx_scrolling&quot;:&quot;yes&quot;,&quot;motion_fx_opacity_range&quot;:{&quot;unit&quot;:&quot;%&quot;,&quot;size&quot;:&quot;&quot;,&quot;sizes&quot;:{&quot;start&quot;:0,&quot;end&quot;:50}},&quot;motion_fx_opacity_effect&quot;:&quot;yes&quot;,&quot;motion_fx_translateY_effect&quot;:&quot;yes&quot;,&quot;motion_fx_translateY_direction&quot;:&quot;negative&quot;,&quot;motion_fx_translateY_speed&quot;:{&quot;unit&quot;:&quot;px&quot;,&quot;size&quot;:2,&quot;sizes&quot;:[]},&quot;motion_fx_devices&quot;:[&quot;desktop&quot;,&quot;laptop&quot;,&quot;tablet_extra&quot;],&quot;motion_fx_translateY_affectedRange&quot;:{&quot;unit&quot;:&quot;%&quot;,&quot;size&quot;:&quot;&quot;,&quot;sizes&quot;:{&quot;start&quot;:0,&quot;end&quot;:100}},&quot;motion_fx_opacity_direction&quot;:&quot;out-in&quot;,&quot;motion_fx_opacity_level&quot;:{&quot;unit&quot;:&quot;px&quot;,&quot;size&quot;:10,&quot;sizes&quot;:[]}}\" data-widget_type=\"image.default\">\n\t\t\t\t<div class=\"elementor-widget-container\">\n\t\t\t\t\t\t\t\t\t\t\t\t\t\t\t<img decoding=\"async\" width=\"2048\" height=\"1484\" src=\"https:\/\/www.hpanorama.it\/wp-content\/uploads\/2026\/02\/esterni01-hpanorama-scaled.webp\" class=\"attachment-full size-full wp-image-4375\" alt=\"Facciata di un hotel alpino con fiori sui balconi e montagne sullo sfondo.\" srcset=\"https:\/\/www.hpanorama.it\/wp-content\/uploads\/2026\/02\/esterni01-hpanorama-scaled.webp 2048w, https:\/\/www.hpanorama.it\/wp-content\/uploads\/2026\/02\/esterni01-hpanorama-300x217.webp 300w, https:\/\/www.hpanorama.it\/wp-content\/uploads\/2026\/02\/esterni01-hpanorama-1024x742.webp 1024w, https:\/\/www.hpanorama.it\/wp-content\/uploads\/2026\/02\/esterni01-hpanorama-768x556.webp 768w, https:\/\/www.hpanorama.it\/wp-content\/uploads\/2026\/02\/esterni01-hpanorama-1536x1113.webp 1536w\" sizes=\"(max-width: 2048px) 100vw, 2048px\" loading=\"lazy\" \/>\t\t\t\t\t\t\t\t\t\t\t\t\t\t\t<\/div>\n\t\t\t\t<\/div>\n\t\t\t\t\t<\/div>\n\t\t\t\t<\/div>\n\t\t<div class=\"elementor-element elementor-element-a6a4c42 e-con-full e-flex e-con e-parent\" data-id=\"a6a4c42\" data-element_type=\"container\" data-e-type=\"container\">\n\t\t\t\t<div class=\"elementor-element elementor-element-e81a82e elementor-widget elementor-widget-google_maps\" data-id=\"e81a82e\" data-element_type=\"widget\" data-e-type=\"widget\" data-widget_type=\"google_maps.default\">\n\t\t\t\t<div class=\"elementor-widget-container\">\n\t\t\t\t\t\t\t<div class=\"elementor-custom-embed\">\n\t\t\t<iframe loading=\"lazy\"\n\t\t\t\t\tsrc=\"https:\/\/maps.google.com\/maps?q=Hotel%20Panorama%20San%20Martino%20di%20Castrozza&#038;t=m&#038;z=15&#038;output=embed&#038;iwloc=near\"\n\t\t\t\t\ttitle=\"Hotel Panorama San Martino di Castrozza\"\n\t\t\t\t\taria-label=\"Hotel Panorama San Martino di Castrozza\"\n\t\t\t><\/iframe>\n\t\t<\/div>\n\t\t\t\t\t\t<\/div>\n\t\t\t\t<\/div>\n\t\t\t\t<\/div>\n\t\t\t\t<\/div>\n\t\t","protected":false},"excerpt":{"rendered":"<p>Wo wir sind Erfahren Sie, wie Sie nach San Martino di Castrozza kommen, und besuchen Sie uns Wir befinden uns in San Martino di Castrozza, in der Via Cavallazza 14: eine g\u00fcnstige Lage, nur wenige Schritte vom Zentrum entfernt und ideal, um Spazierg\u00e4nge, Natur und die Annehmlichkeiten des Ortes bequem zu genie\u00dfen. Ob du wegen [&hellip;]<\/p>\n","protected":false},"author":2,"featured_media":0,"parent":0,"menu_order":0,"comment_status":"closed","ping_status":"closed","template":"","meta":{"_acf_changed":false,"footnotes":""},"class_list":["post-3900","page","type-page","status-publish","hentry"],"acf":[],"_links":{"self":[{"href":"https:\/\/www.hpanorama.it\/de\/wp-json\/wp\/v2\/pages\/3900","targetHints":{"allow":["GET"]}}],"collection":[{"href":"https:\/\/www.hpanorama.it\/de\/wp-json\/wp\/v2\/pages"}],"about":[{"href":"https:\/\/www.hpanorama.it\/de\/wp-json\/wp\/v2\/types\/page"}],"author":[{"embeddable":true,"href":"https:\/\/www.hpanorama.it\/de\/wp-json\/wp\/v2\/users\/2"}],"replies":[{"embeddable":true,"href":"https:\/\/www.hpanorama.it\/de\/wp-json\/wp\/v2\/comments?post=3900"}],"version-history":[{"count":1,"href":"https:\/\/www.hpanorama.it\/de\/wp-json\/wp\/v2\/pages\/3900\/revisions"}],"predecessor-version":[{"id":3901,"href":"https:\/\/www.hpanorama.it\/de\/wp-json\/wp\/v2\/pages\/3900\/revisions\/3901"}],"wp:attachment":[{"href":"https:\/\/www.hpanorama.it\/de\/wp-json\/wp\/v2\/media?parent=3900"}],"curies":[{"name":"wp","href":"https:\/\/api.w.org\/{rel}","templated":true}]}}