{"id":3908,"date":"2026-04-02T14:21:24","date_gmt":"2026-04-02T12:21:24","guid":{"rendered":"https:\/\/www.hpanorama.it\/umweltfreundlich\/"},"modified":"2026-04-23T12:41:56","modified_gmt":"2026-04-23T10:41:56","slug":"umweltfreundlich","status":"publish","type":"page","link":"https:\/\/www.hpanorama.it\/de\/umweltfreundlich\/","title":{"rendered":"Umweltfreundlich"},"content":{"rendered":"\t\t<div data-elementor-type=\"wp-page\" data-elementor-id=\"3908\" class=\"elementor elementor-3908 elementor-2646\" data-elementor-post-type=\"page\">\n\t\t\t\t<div class=\"elementor-element elementor-element-a3ecf3a e-con-full slidertop e-flex e-con e-parent\" data-id=\"a3ecf3a\" data-element_type=\"container\" data-e-type=\"container\">\n\t\t\t\t<div class=\"elementor-element elementor-element-4cf8b02 elementor-absolute elementor-invisible elementor-widget elementor-widget-image\" data-id=\"4cf8b02\" data-element_type=\"widget\" data-e-type=\"widget\" data-settings=\"{&quot;_position&quot;:&quot;absolute&quot;,&quot;motion_fx_motion_fx_scrolling&quot;:&quot;yes&quot;,&quot;motion_fx_translateY_effect&quot;:&quot;yes&quot;,&quot;motion_fx_translateY_direction&quot;:&quot;negative&quot;,&quot;motion_fx_translateY_speed&quot;:{&quot;unit&quot;:&quot;px&quot;,&quot;size&quot;:2,&quot;sizes&quot;:[]},&quot;motion_fx_devices&quot;:[&quot;desktop&quot;,&quot;laptop&quot;,&quot;tablet_extra&quot;],&quot;_animation&quot;:&quot;fadeIn&quot;,&quot;motion_fx_translateY_affectedRange&quot;:{&quot;unit&quot;:&quot;%&quot;,&quot;size&quot;:&quot;&quot;,&quot;sizes&quot;:{&quot;start&quot;:0,&quot;end&quot;:100}}}\" data-widget_type=\"image.default\">\n\t\t\t\t<div class=\"elementor-widget-container\">\n\t\t\t\t\t\t\t\t\t\t\t\t\t\t\t<img decoding=\"async\" src=\"https:\/\/www.hpanorama.it\/wp-content\/uploads\/2026\/02\/deco04-hpanorama.svg\" title=\"\" alt=\"\" loading=\"lazy\" \/>\t\t\t\t\t\t\t\t\t\t\t\t\t\t\t<\/div>\n\t\t\t\t<\/div>\n\t\t\t\t<div class=\"elementor-element elementor-element-25f57e3 elementor-widget__width-inherit elementor--h-position-center elementor--v-position-middle elementor-arrows-position-inside elementor-widget elementor-widget-slides\" data-id=\"25f57e3\" data-element_type=\"widget\" data-e-type=\"widget\" data-settings=\"{&quot;navigation&quot;:&quot;arrows&quot;,&quot;autoplay_speed&quot;:4000,&quot;transition_speed&quot;:800,&quot;autoplay&quot;:&quot;yes&quot;,&quot;pause_on_hover&quot;:&quot;yes&quot;,&quot;pause_on_interaction&quot;:&quot;yes&quot;,&quot;infinite&quot;:&quot;yes&quot;,&quot;transition&quot;:&quot;slide&quot;}\" data-widget_type=\"slides.default\">\n\t\t\t\t<div class=\"elementor-widget-container\">\n\t\t\t\t\t\t\t\t\t<div class=\"elementor-swiper\">\n\t\t\t\t\t<div class=\"elementor-slides-wrapper elementor-main-swiper swiper\" role=\"region\" aria-roledescription=\"carousel\" aria-label=\"Slides\" dir=\"ltr\" data-animation=\"fadeInUp\">\n\t\t\t\t<div class=\"swiper-wrapper elementor-slides\">\n\t\t\t\t\t\t\t\t\t\t<div class=\"elementor-repeater-item-bbea943 swiper-slide\" role=\"group\" aria-roledescription=\"slide\"><div class=\"swiper-slide-bg\" role=\"img\" aria-label=\"Foresta di pini illuminata dal sole alle pendici di una montagna rocciosa.\"><\/div><div class=\"swiper-slide-inner\" ><div class=\"swiper-slide-contents\"><\/div><\/div><\/div>\t\t\t\t<\/div>\n\t\t\t\t\t\t\t<\/div>\n\t\t\t\t<\/div>\n\t\t\t\t\t\t\t\t<\/div>\n\t\t\t\t<\/div>\n\t\t<div class=\"elementor-element elementor-element-36ceba2 e-flex e-con-boxed e-con e-child\" data-id=\"36ceba2\" data-element_type=\"container\" data-e-type=\"container\" data-settings=\"{&quot;background_background&quot;:&quot;gradient&quot;,&quot;position&quot;:&quot;absolute&quot;}\">\n\t\t\t\t\t<div class=\"e-con-inner\">\n\t\t\t\t<div class=\"elementor-element elementor-element-0161e96 elementor-widget elementor-widget-heading\" data-id=\"0161e96\" data-element_type=\"widget\" data-e-type=\"widget\" data-widget_type=\"heading.default\">\n\t\t\t\t<div class=\"elementor-widget-container\">\n\t\t\t\t\t<h1 class=\"elementor-heading-title elementor-size-default\">Umweltfreundlich<\/h1>\t\t\t\t<\/div>\n\t\t\t\t<\/div>\n\t\t\t\t<div class=\"elementor-element elementor-element-760a04a elementor-widget elementor-widget-heading\" data-id=\"760a04a\" data-element_type=\"widget\" data-e-type=\"widget\" data-widget_type=\"heading.default\">\n\t\t\t\t<div class=\"elementor-widget-container\">\n\t\t\t\t\t<h2 class=\"elementor-heading-title elementor-size-default\">Nachhaltigkeit im Hotel Panorama: <br> umweltfreundliche Angebote in San Martino di Castrozza<\/h2>\t\t\t\t<\/div>\n\t\t\t\t<\/div>\n\t\t\t\t\t<\/div>\n\t\t\t\t<\/div>\n\t\t\t\t<\/div>\n\t\t<div class=\"elementor-element elementor-element-0d24c3b e-flex e-con-boxed e-con e-parent\" data-id=\"0d24c3b\" data-element_type=\"container\" data-e-type=\"container\" data-settings=\"{&quot;background_background&quot;:&quot;classic&quot;}\">\n\t\t\t\t\t<div class=\"e-con-inner\">\n\t\t<div class=\"elementor-element elementor-element-0af841c e-con-full bu e-flex e-con e-child\" data-id=\"0af841c\" data-element_type=\"container\" data-e-type=\"container\">\n\t\t\t\t<div class=\"elementor-element elementor-element-e7d236c elementor-widget elementor-widget-text-editor\" data-id=\"e7d236c\" data-element_type=\"widget\" data-e-type=\"widget\" data-widget_type=\"text-editor.default\">\n\t\t\t\t<div class=\"elementor-widget-container\">\n\t\t\t\t\t\t\t\t\t<p>Die Berge lehren uns etwas Einfaches: <strong>Jede Geste z\u00e4hlt<\/strong>.<\/p>\n<p>Im Hotel Panorama treffen wir <strong>t\u00e4gliche Entscheidungen im Einklang mit den Bergen<\/strong>. Wir versuchen, <strong>Nachhaltigkeit<\/strong> in etwas Konkretes und Nat\u00fcrliches zu verwandeln, das aus t\u00e4glicher Achtsamkeit und Respekt f\u00fcr die Region besteht, die uns beherbergt.<\/p>\n\t\t\t\t\t\t\t\t<\/div>\n\t\t\t\t<\/div>\n\t\t\t\t<\/div>\n\t\t\t\t<div class=\"elementor-element elementor-element-f3091b2 elementor-absolute elementor-widget elementor-widget-image\" data-id=\"f3091b2\" data-element_type=\"widget\" data-e-type=\"widget\" data-settings=\"{&quot;_position&quot;:&quot;absolute&quot;,&quot;motion_fx_motion_fx_scrolling&quot;:&quot;yes&quot;,&quot;motion_fx_opacity_range&quot;:{&quot;unit&quot;:&quot;%&quot;,&quot;size&quot;:&quot;&quot;,&quot;sizes&quot;:{&quot;start&quot;:0,&quot;end&quot;:50}},&quot;motion_fx_opacity_effect&quot;:&quot;yes&quot;,&quot;motion_fx_translateY_effect&quot;:&quot;yes&quot;,&quot;motion_fx_translateY_direction&quot;:&quot;negative&quot;,&quot;motion_fx_translateY_speed&quot;:{&quot;unit&quot;:&quot;px&quot;,&quot;size&quot;:2,&quot;sizes&quot;:[]},&quot;motion_fx_devices&quot;:[&quot;desktop&quot;,&quot;laptop&quot;,&quot;tablet_extra&quot;],&quot;motion_fx_translateY_affectedRange&quot;:{&quot;unit&quot;:&quot;%&quot;,&quot;size&quot;:&quot;&quot;,&quot;sizes&quot;:{&quot;start&quot;:0,&quot;end&quot;:100}},&quot;motion_fx_opacity_direction&quot;:&quot;out-in&quot;,&quot;motion_fx_opacity_level&quot;:{&quot;unit&quot;:&quot;px&quot;,&quot;size&quot;:10,&quot;sizes&quot;:[]}}\" data-widget_type=\"image.default\">\n\t\t\t\t<div class=\"elementor-widget-container\">\n\t\t\t\t\t\t\t\t\t\t\t\t\t\t\t<img fetchpriority=\"high\" decoding=\"async\" width=\"1600\" height=\"1067\" src=\"https:\/\/www.hpanorama.it\/wp-content\/uploads\/2026\/02\/panorami15-hpanorama.webp\" class=\"attachment-full size-full wp-image-4377\" alt=\"Vista di una montagna illuminata dal sole al tramonto con neve sulle cime.\" srcset=\"https:\/\/www.hpanorama.it\/wp-content\/uploads\/2026\/02\/panorami15-hpanorama.webp 1600w, https:\/\/www.hpanorama.it\/wp-content\/uploads\/2026\/02\/panorami15-hpanorama-300x200.webp 300w, https:\/\/www.hpanorama.it\/wp-content\/uploads\/2026\/02\/panorami15-hpanorama-1024x683.webp 1024w, https:\/\/www.hpanorama.it\/wp-content\/uploads\/2026\/02\/panorami15-hpanorama-768x512.webp 768w, https:\/\/www.hpanorama.it\/wp-content\/uploads\/2026\/02\/panorami15-hpanorama-1536x1024.webp 1536w\" sizes=\"(max-width: 1600px) 100vw, 1600px\" \/>\t\t\t\t\t\t\t\t\t\t\t\t\t\t\t<\/div>\n\t\t\t\t<\/div>\n\t\t\t\t\t<\/div>\n\t\t\t\t<\/div>\n\t\t<div class=\"elementor-element elementor-element-fe47ae9 e-con-full e-flex e-con e-parent\" data-id=\"fe47ae9\" data-element_type=\"container\" data-e-type=\"container\" data-settings=\"{&quot;background_background&quot;:&quot;classic&quot;}\">\n\t\t<div class=\"elementor-element elementor-element-2e0ccbd e-con-full bl e-flex e-con e-child\" data-id=\"2e0ccbd\" data-element_type=\"container\" data-e-type=\"container\" data-settings=\"{&quot;background_background&quot;:&quot;classic&quot;,&quot;background_motion_fx_motion_fx_scrolling&quot;:&quot;yes&quot;,&quot;background_motion_fx_translateX_effect&quot;:&quot;yes&quot;,&quot;background_motion_fx_translateX_direction&quot;:&quot;negative&quot;,&quot;background_motion_fx_translateX_speed&quot;:{&quot;unit&quot;:&quot;px&quot;,&quot;size&quot;:2,&quot;sizes&quot;:[]},&quot;background_motion_fx_devices&quot;:[&quot;desktop&quot;,&quot;laptop&quot;,&quot;tablet_extra&quot;],&quot;background_motion_fx_translateX_affectedRange&quot;:{&quot;unit&quot;:&quot;%&quot;,&quot;size&quot;:&quot;&quot;,&quot;sizes&quot;:{&quot;start&quot;:0,&quot;end&quot;:100}}}\">\n\t\t\t\t<div class=\"elementor-element elementor-element-9054254 elementor-widget elementor-widget-heading\" data-id=\"9054254\" data-element_type=\"widget\" data-e-type=\"widget\" data-widget_type=\"heading.default\">\n\t\t\t\t<div class=\"elementor-widget-container\">\n\t\t\t\t\t<h2 class=\"elementor-heading-title elementor-size-default\">Alpenperlen: Die Berge lassen sich auch ohne Auto erleben<\/h2>\t\t\t\t<\/div>\n\t\t\t\t<\/div>\n\t\t\t\t<div class=\"elementor-element elementor-element-6b75681 elementor-widget elementor-widget-text-editor\" data-id=\"6b75681\" data-element_type=\"widget\" data-e-type=\"widget\" data-widget_type=\"text-editor.default\">\n\t\t\t\t<div class=\"elementor-widget-container\">\n\t\t\t\t\t\t\t\t\t<p>Wir sind Mitglied bei <strong>Alpine Pearls<\/strong>, einem Netzwerk, das einen <strong>unbeschwerteren und erholsameren Urlaub<\/strong> f\u00f6rdert, der auf <strong>sanfter Mobilit\u00e4t<\/strong> basiert: zu Fu\u00df, mit dem Fahrrad, mit dem E-Bike, mit \u00f6ffentlichen Verkehrsmitteln und lokalen Dienstleistungen. <\/p>\n<p>Hier in Primiero \u2013 San Martino di Castrozza ist es wirklich einfach, sich nachhaltig fortzubewegen\u2026 und das macht das Erlebnis noch sch\u00f6ner.<\/p>\n\t\t\t\t\t\t\t\t<\/div>\n\t\t\t\t<\/div>\n\t\t\t\t<div class=\"elementor-element elementor-element-9888acc elementor-widget elementor-widget-spacer\" data-id=\"9888acc\" data-element_type=\"widget\" data-e-type=\"widget\" data-widget_type=\"spacer.default\">\n\t\t\t\t<div class=\"elementor-widget-container\">\n\t\t\t\t\t\t\t<div class=\"elementor-spacer\">\n\t\t\t<div class=\"elementor-spacer-inner\"><\/div>\n\t\t<\/div>\n\t\t\t\t\t\t<\/div>\n\t\t\t\t<\/div>\n\t\t\t\t<div class=\"elementor-element elementor-element-18beaf9 elementor-widget elementor-widget-heading\" data-id=\"18beaf9\" data-element_type=\"widget\" data-e-type=\"widget\" data-widget_type=\"heading.default\">\n\t\t\t\t<div class=\"elementor-widget-container\">\n\t\t\t\t\t<h2 class=\"elementor-heading-title elementor-size-default\">Sanfte Mobilit\u00e4t mit der Trentino Guest Card<\/h2>\t\t\t\t<\/div>\n\t\t\t\t<\/div>\n\t\t\t\t<div class=\"elementor-element elementor-element-330562e elementor-widget elementor-widget-text-editor\" data-id=\"330562e\" data-element_type=\"widget\" data-e-type=\"widget\" data-widget_type=\"text-editor.default\">\n\t\t\t\t<div class=\"elementor-widget-container\">\n\t\t\t\t\t\t\t\t\t<p>W\u00e4hrend Ihres Aufenthalts k\u00f6nnen Sie die <strong>Trentino Guest Card<\/strong> nutzen, mit der Sie die \u00f6ffentlichen Verkehrsmittel im Trentino sowie lokale Mobilit\u00e4tsangebote (wie Sommer-Shuttlebusse zu Naturgebieten) kostenlos nutzen k\u00f6nnen. <br \/>Eine einfache M\u00f6glichkeit, das Auto stehen zu lassen und das Tal in aller Ruhe zu genie\u00dfen.<\/p>\n\t\t\t\t\t\t\t\t<\/div>\n\t\t\t\t<\/div>\n\t\t\t\t<\/div>\n\t\t\t\t<div class=\"elementor-element elementor-element-4b78aaa elementor-absolute elementor-widget elementor-widget-image\" data-id=\"4b78aaa\" data-element_type=\"widget\" data-e-type=\"widget\" data-settings=\"{&quot;_position&quot;:&quot;absolute&quot;,&quot;motion_fx_motion_fx_scrolling&quot;:&quot;yes&quot;,&quot;motion_fx_opacity_range&quot;:{&quot;unit&quot;:&quot;%&quot;,&quot;size&quot;:&quot;&quot;,&quot;sizes&quot;:{&quot;start&quot;:0,&quot;end&quot;:50}},&quot;motion_fx_opacity_effect&quot;:&quot;yes&quot;,&quot;motion_fx_devices&quot;:[&quot;desktop&quot;,&quot;laptop&quot;,&quot;tablet_extra&quot;],&quot;motion_fx_opacity_direction&quot;:&quot;out-in&quot;,&quot;motion_fx_opacity_level&quot;:{&quot;unit&quot;:&quot;px&quot;,&quot;size&quot;:10,&quot;sizes&quot;:[]}}\" data-widget_type=\"image.default\">\n\t\t\t\t<div class=\"elementor-widget-container\">\n\t\t\t\t\t\t\t\t\t\t\t\t\t\t\t<img decoding=\"async\" width=\"1600\" height=\"1498\" src=\"https:\/\/www.hpanorama.it\/wp-content\/uploads\/2026\/04\/panorami08-hpanorama.webp\" class=\"attachment-full size-full wp-image-4301\" alt=\"Montagne riflesse in un lago sotto un cielo stellato.\" srcset=\"https:\/\/www.hpanorama.it\/wp-content\/uploads\/2026\/04\/panorami08-hpanorama.webp 1600w, https:\/\/www.hpanorama.it\/wp-content\/uploads\/2026\/04\/panorami08-hpanorama-300x281.webp 300w, https:\/\/www.hpanorama.it\/wp-content\/uploads\/2026\/04\/panorami08-hpanorama-1024x959.webp 1024w, https:\/\/www.hpanorama.it\/wp-content\/uploads\/2026\/04\/panorami08-hpanorama-768x719.webp 768w, https:\/\/www.hpanorama.it\/wp-content\/uploads\/2026\/04\/panorami08-hpanorama-1536x1438.webp 1536w\" sizes=\"(max-width: 1600px) 100vw, 1600px\" loading=\"lazy\" \/>\t\t\t\t\t\t\t\t\t\t\t\t\t\t\t<\/div>\n\t\t\t\t<\/div>\n\t\t\t\t<\/div>\n\t\t<div class=\"elementor-element elementor-element-a634bdd e-flex e-con-boxed e-con e-parent\" data-id=\"a634bdd\" data-element_type=\"container\" data-e-type=\"container\" data-settings=\"{&quot;background_background&quot;:&quot;classic&quot;,&quot;shape_divider_bottom&quot;:&quot;tilt&quot;}\">\n\t\t\t\t\t<div class=\"e-con-inner\">\n\t\t\t\t<div class=\"elementor-shape elementor-shape-bottom\" aria-hidden=\"true\" data-negative=\"false\">\n\t\t\t<svg xmlns=\"http:\/\/www.w3.org\/2000\/svg\" viewBox=\"0 0 1000 100\" preserveAspectRatio=\"none\">\n\t<path class=\"elementor-shape-fill\" d=\"M0,6V0h1000v100L0,6z\"\/>\n<\/svg>\t\t<\/div>\n\t\t<div class=\"elementor-element elementor-element-86453f8 e-con-full bu e-flex e-con e-child\" data-id=\"86453f8\" data-element_type=\"container\" data-e-type=\"container\">\n\t\t\t\t<div class=\"elementor-element elementor-element-322c110 elementor-widget elementor-widget-heading\" data-id=\"322c110\" data-element_type=\"widget\" data-e-type=\"widget\" data-widget_type=\"heading.default\">\n\t\t\t\t<div class=\"elementor-widget-container\">\n\t\t\t\t\t<h2 class=\"elementor-heading-title elementor-size-default\">Unser Engagement geht weiter, Schritt f\u00fcr Schritt<\/h2>\t\t\t\t<\/div>\n\t\t\t\t<\/div>\n\t\t\t\t<div class=\"elementor-element elementor-element-058259c elementor-widget elementor-widget-text-editor\" data-id=\"058259c\" data-element_type=\"widget\" data-e-type=\"widget\" data-widget_type=\"text-editor.default\">\n\t\t\t\t<div class=\"elementor-widget-container\">\n\t\t\t\t\t\t\t\t\t<p>Wir halten nichts von \u201egro\u00dfen\u201c Versprechungen. Wir ziehen es vor, die Dinge jeden Tag gut zu machen:<br \/><strong>uns zu verbessern, zu vereinfachen, bessere Entscheidungen zu treffen<\/strong>.<br \/>Denn die sch\u00f6nste Art, die Dolomiten zu erleben, ist, dies unbeschwert zu tun und nur Erinnerungen zu hinterlassen \u2026 sowie m\u00f6glichst geringe Spuren.<\/p>\n\t\t\t\t\t\t\t\t<\/div>\n\t\t\t\t<\/div>\n\t\t\t\t<\/div>\n\t\t<div class=\"elementor-element elementor-element-b231458 e-con-full bu e-flex e-con e-child\" data-id=\"b231458\" data-element_type=\"container\" data-e-type=\"container\">\n\t\t\t\t<div class=\"elementor-element elementor-element-d51a5ca elementor-widget elementor-widget-heading\" data-id=\"d51a5ca\" data-element_type=\"widget\" data-e-type=\"widget\" data-widget_type=\"heading.default\">\n\t\t\t\t<div class=\"elementor-widget-container\">\n\t\t\t\t\t<h3 class=\"elementor-heading-title elementor-size-default\">Weniger Plastik, mehr Sorgfalt<\/h3>\t\t\t\t<\/div>\n\t\t\t\t<\/div>\n\t\t\t\t<div class=\"elementor-element elementor-element-8fe35c1 elementor-widget elementor-widget-text-editor\" data-id=\"8fe35c1\" data-element_type=\"widget\" data-e-type=\"widget\" data-widget_type=\"text-editor.default\">\n\t\t\t\t<div class=\"elementor-widget-container\">\n\t\t\t\t\t\t\t\t\t<p>Wir verzichten nach und nach auf <strong>Einweg-Plastikflaschen<\/strong> und reduzieren alles, was nicht wirklich notwendig ist. Wir bevorzugen sauberere und verantwortungsbewusstere L\u00f6sungen, denn Nachhaltigkeit bedeutet f\u00fcr uns in erster Linie <strong>Respekt<\/strong>.<\/p>\n\t\t\t\t\t\t\t\t<\/div>\n\t\t\t\t<\/div>\n\t\t\t\t<\/div>\n\t\t<div class=\"elementor-element elementor-element-396360a e-con-full bu e-flex e-con e-child\" data-id=\"396360a\" data-element_type=\"container\" data-e-type=\"container\">\n\t\t\t\t<div class=\"elementor-element elementor-element-ab67a65 elementor-widget elementor-widget-heading\" data-id=\"ab67a65\" data-element_type=\"widget\" data-e-type=\"widget\" data-widget_type=\"heading.default\">\n\t\t\t\t<div class=\"elementor-widget-container\">\n\t\t\t\t\t<h3 class=\"elementor-heading-title elementor-size-default\">Bettw\u00e4sche und Handt\u00fccher: nur bei Bedarf<\/h3>\t\t\t\t<\/div>\n\t\t\t\t<\/div>\n\t\t\t\t<div class=\"elementor-element elementor-element-60da79e elementor-widget elementor-widget-text-editor\" data-id=\"60da79e\" data-element_type=\"widget\" data-e-type=\"widget\" data-widget_type=\"text-editor.default\">\n\t\t\t\t<div class=\"elementor-widget-container\">\n\t\t\t\t\t\t\t\t\t<p>Um Wasser- und Energieverschwendung zu reduzieren, erfolgt der Wechsel von Handt\u00fcchern und Bettw\u00e4sche <strong>auf Anfrage<\/strong>.<br \/>Es ist eine einfache, aber wirksame Ma\u00dfnahme: weniger unn\u00f6tige Waschg\u00e4nge, mehr R\u00fccksicht auf die Umwelt.<\/p>\n\t\t\t\t\t\t\t\t<\/div>\n\t\t\t\t<\/div>\n\t\t\t\t<\/div>\n\t\t\t\t\t<\/div>\n\t\t\t\t<\/div>\n\t\t<div class=\"elementor-element elementor-element-506868e e-flex e-con-boxed e-con e-parent\" data-id=\"506868e\" data-element_type=\"container\" data-e-type=\"container\" data-settings=\"{&quot;background_background&quot;:&quot;classic&quot;}\">\n\t\t\t\t\t<div class=\"e-con-inner\">\n\t\t\t\t<div class=\"elementor-element elementor-element-9fe916d elementor-widget elementor-widget-heading\" data-id=\"9fe916d\" data-element_type=\"widget\" data-e-type=\"widget\" data-widget_type=\"heading.default\">\n\t\t\t\t<div class=\"elementor-widget-container\">\n\t\t\t\t\t<h4 class=\"elementor-heading-title elementor-size-default\">Hast du Lust, zu uns zu kommen und hier bei uns deinen umweltfreundlichen Urlaub im Trentino zu beginnen?<\/h4>\t\t\t\t<\/div>\n\t\t\t\t<\/div>\n\t\t\t\t<div class=\"elementor-element elementor-element-1272f3a elementor-widget elementor-widget-button\" data-id=\"1272f3a\" data-element_type=\"widget\" data-e-type=\"widget\" data-widget_type=\"button.default\">\n\t\t\t\t<div class=\"elementor-widget-container\">\n\t\t\t\t\t\t\t\t\t<div class=\"elementor-button-wrapper\">\n\t\t\t\t\t<a class=\"elementor-button elementor-button-link elementor-size-sm\" href=\"https:\/\/www.hpanorama.it\/de\/wo-wir-sind\/\">\n\t\t\t\t\t\t<span class=\"elementor-button-content-wrapper\">\n\t\t\t\t\t\t\t\t\t<span class=\"elementor-button-text\">Schau, wo wir sind<\/span>\n\t\t\t\t\t<\/span>\n\t\t\t\t\t<\/a>\n\t\t\t\t<\/div>\n\t\t\t\t\t\t\t\t<\/div>\n\t\t\t\t<\/div>\n\t\t\t\t<div class=\"elementor-element elementor-element-22e152a elementor-absolute elementor-widget elementor-widget-image\" data-id=\"22e152a\" data-element_type=\"widget\" data-e-type=\"widget\" data-settings=\"{&quot;_position&quot;:&quot;absolute&quot;,&quot;motion_fx_motion_fx_scrolling&quot;:&quot;yes&quot;,&quot;motion_fx_translateY_effect&quot;:&quot;yes&quot;,&quot;motion_fx_translateY_direction&quot;:&quot;negative&quot;,&quot;motion_fx_translateY_speed&quot;:{&quot;unit&quot;:&quot;px&quot;,&quot;size&quot;:2,&quot;sizes&quot;:[]},&quot;motion_fx_devices&quot;:[&quot;desktop&quot;,&quot;laptop&quot;,&quot;tablet_extra&quot;],&quot;motion_fx_translateY_affectedRange&quot;:{&quot;unit&quot;:&quot;%&quot;,&quot;size&quot;:&quot;&quot;,&quot;sizes&quot;:{&quot;start&quot;:0,&quot;end&quot;:100}}}\" data-widget_type=\"image.default\">\n\t\t\t\t<div class=\"elementor-widget-container\">\n\t\t\t\t\t\t\t\t\t\t\t\t\t\t\t<img decoding=\"async\" src=\"https:\/\/www.hpanorama.it\/wp-content\/uploads\/2026\/02\/deco04-hpanorama.svg\" class=\"attachment-full size-full wp-image-1875\" alt=\"\" loading=\"lazy\" \/>\t\t\t\t\t\t\t\t\t\t\t\t\t\t\t<\/div>\n\t\t\t\t<\/div>\n\t\t\t\t\t<\/div>\n\t\t\t\t<\/div>\n\t\t\t\t<\/div>\n\t\t","protected":false},"excerpt":{"rendered":"<p>Umweltfreundlich Nachhaltigkeit im Hotel Panorama: umweltfreundliche Angebote in San Martino di Castrozza Die Berge lehren uns etwas Einfaches: Jede Geste z\u00e4hlt. Im Hotel Panorama treffen wir t\u00e4gliche Entscheidungen im Einklang mit den Bergen. Wir versuchen, Nachhaltigkeit in etwas Konkretes und Nat\u00fcrliches zu verwandeln, das aus t\u00e4glicher Achtsamkeit und Respekt f\u00fcr die Region besteht, die uns [&hellip;]<\/p>\n","protected":false},"author":2,"featured_media":0,"parent":0,"menu_order":0,"comment_status":"closed","ping_status":"closed","template":"","meta":{"_acf_changed":false,"footnotes":""},"class_list":["post-3908","page","type-page","status-publish","hentry"],"acf":[],"_links":{"self":[{"href":"https:\/\/www.hpanorama.it\/de\/wp-json\/wp\/v2\/pages\/3908","targetHints":{"allow":["GET"]}}],"collection":[{"href":"https:\/\/www.hpanorama.it\/de\/wp-json\/wp\/v2\/pages"}],"about":[{"href":"https:\/\/www.hpanorama.it\/de\/wp-json\/wp\/v2\/types\/page"}],"author":[{"embeddable":true,"href":"https:\/\/www.hpanorama.it\/de\/wp-json\/wp\/v2\/users\/2"}],"replies":[{"embeddable":true,"href":"https:\/\/www.hpanorama.it\/de\/wp-json\/wp\/v2\/comments?post=3908"}],"version-history":[{"count":1,"href":"https:\/\/www.hpanorama.it\/de\/wp-json\/wp\/v2\/pages\/3908\/revisions"}],"predecessor-version":[{"id":3909,"href":"https:\/\/www.hpanorama.it\/de\/wp-json\/wp\/v2\/pages\/3908\/revisions\/3909"}],"wp:attachment":[{"href":"https:\/\/www.hpanorama.it\/de\/wp-json\/wp\/v2\/media?parent=3908"}],"curies":[{"name":"wp","href":"https:\/\/api.w.org\/{rel}","templated":true}]}}