{"id":3926,"date":"2026-04-03T12:16:42","date_gmt":"2026-04-03T10:16:42","guid":{"rendered":"https:\/\/www.hpanorama.it\/glutenfrei\/"},"modified":"2026-04-23T14:53:33","modified_gmt":"2026-04-23T12:53:33","slug":"glutenfrei","status":"publish","type":"page","link":"https:\/\/www.hpanorama.it\/de\/glutenfrei\/","title":{"rendered":"Glutenfrei"},"content":{"rendered":"\t\t<div data-elementor-type=\"wp-page\" data-elementor-id=\"3926\" class=\"elementor elementor-3926 elementor-2881\" data-elementor-post-type=\"page\">\n\t\t\t\t<div class=\"elementor-element elementor-element-a3ecf3a e-con-full slidertop e-flex e-con e-parent\" data-id=\"a3ecf3a\" data-element_type=\"container\" data-e-type=\"container\">\n\t\t\t\t<div class=\"elementor-element elementor-element-4cf8b02 elementor-absolute elementor-invisible elementor-widget elementor-widget-image\" data-id=\"4cf8b02\" data-element_type=\"widget\" data-e-type=\"widget\" data-settings=\"{&quot;_position&quot;:&quot;absolute&quot;,&quot;motion_fx_motion_fx_scrolling&quot;:&quot;yes&quot;,&quot;motion_fx_translateY_effect&quot;:&quot;yes&quot;,&quot;motion_fx_translateY_direction&quot;:&quot;negative&quot;,&quot;motion_fx_translateY_speed&quot;:{&quot;unit&quot;:&quot;px&quot;,&quot;size&quot;:2,&quot;sizes&quot;:[]},&quot;motion_fx_devices&quot;:[&quot;desktop&quot;,&quot;laptop&quot;,&quot;tablet_extra&quot;],&quot;_animation&quot;:&quot;fadeIn&quot;,&quot;motion_fx_translateY_affectedRange&quot;:{&quot;unit&quot;:&quot;%&quot;,&quot;size&quot;:&quot;&quot;,&quot;sizes&quot;:{&quot;start&quot;:0,&quot;end&quot;:100}}}\" data-widget_type=\"image.default\">\n\t\t\t\t<div class=\"elementor-widget-container\">\n\t\t\t\t\t\t\t\t\t\t\t\t\t\t\t<img decoding=\"async\" src=\"https:\/\/www.hpanorama.it\/wp-content\/uploads\/2026\/02\/deco04-hpanorama.svg\" title=\"\" alt=\"\" loading=\"lazy\" \/>\t\t\t\t\t\t\t\t\t\t\t\t\t\t\t<\/div>\n\t\t\t\t<\/div>\n\t\t\t\t<div class=\"elementor-element elementor-element-43b4784 elementor-widget__width-inherit elementor--h-position-center elementor--v-position-middle elementor-arrows-position-inside elementor-widget elementor-widget-slides\" data-id=\"43b4784\" data-element_type=\"widget\" data-e-type=\"widget\" data-settings=\"{&quot;navigation&quot;:&quot;arrows&quot;,&quot;autoplay_speed&quot;:4000,&quot;transition_speed&quot;:800,&quot;autoplay&quot;:&quot;yes&quot;,&quot;pause_on_hover&quot;:&quot;yes&quot;,&quot;pause_on_interaction&quot;:&quot;yes&quot;,&quot;infinite&quot;:&quot;yes&quot;,&quot;transition&quot;:&quot;slide&quot;}\" data-widget_type=\"slides.default\">\n\t\t\t\t<div class=\"elementor-widget-container\">\n\t\t\t\t\t\t\t\t\t<div class=\"elementor-swiper\">\n\t\t\t\t\t<div class=\"elementor-slides-wrapper elementor-main-swiper swiper\" role=\"region\" aria-roledescription=\"carousel\" aria-label=\"Slides\" dir=\"ltr\" data-animation=\"fadeInUp\">\n\t\t\t\t<div class=\"swiper-wrapper elementor-slides\">\n\t\t\t\t\t\t\t\t\t\t<div class=\"elementor-repeater-item-bbea943 swiper-slide\" role=\"group\" aria-roledescription=\"slide\"><div class=\"swiper-slide-bg\" role=\"img\" aria-label=\"Due persone che cenano con piatti senza glutine in un ristorante elegante.\"><\/div><div class=\"swiper-slide-inner\" ><div class=\"swiper-slide-contents\"><\/div><\/div><\/div>\t\t\t\t<\/div>\n\t\t\t\t\t\t\t<\/div>\n\t\t\t\t<\/div>\n\t\t\t\t\t\t\t\t<\/div>\n\t\t\t\t<\/div>\n\t\t<div class=\"elementor-element elementor-element-36ceba2 e-flex e-con-boxed e-con e-child\" data-id=\"36ceba2\" data-element_type=\"container\" data-e-type=\"container\" data-settings=\"{&quot;background_background&quot;:&quot;gradient&quot;,&quot;position&quot;:&quot;absolute&quot;}\">\n\t\t\t\t\t<div class=\"e-con-inner\">\n\t\t\t\t<div class=\"elementor-element elementor-element-0161e96 elementor-widget elementor-widget-heading\" data-id=\"0161e96\" data-element_type=\"widget\" data-e-type=\"widget\" data-widget_type=\"heading.default\">\n\t\t\t\t<div class=\"elementor-widget-container\">\n\t\t\t\t\t<h1 class=\"elementor-heading-title elementor-size-default\">Glutenfrei<\/h1>\t\t\t\t<\/div>\n\t\t\t\t<\/div>\n\t\t\t\t<div class=\"elementor-element elementor-element-760a04a elementor-widget elementor-widget-heading\" data-id=\"760a04a\" data-element_type=\"widget\" data-e-type=\"widget\" data-widget_type=\"heading.default\">\n\t\t\t\t<div class=\"elementor-widget-container\">\n\t\t\t\t\t<h2 class=\"elementor-heading-title elementor-size-default\">In San Martino di Castrozza: Gastfreundschaft und glutenfreie K\u00fcche f\u00fcr Z\u00f6liakiebetroffene<\/h2>\t\t\t\t<\/div>\n\t\t\t\t<\/div>\n\t\t\t\t\t<\/div>\n\t\t\t\t<\/div>\n\t\t\t\t<\/div>\n\t\t<div class=\"elementor-element elementor-element-0d24c3b e-flex e-con-boxed e-con e-parent\" data-id=\"0d24c3b\" data-element_type=\"container\" data-e-type=\"container\" data-settings=\"{&quot;background_background&quot;:&quot;classic&quot;}\">\n\t\t\t\t\t<div class=\"e-con-inner\">\n\t\t<div class=\"elementor-element elementor-element-0af841c e-con-full bu e-flex e-con e-child\" data-id=\"0af841c\" data-element_type=\"container\" data-e-type=\"container\">\n\t\t\t\t<div class=\"elementor-element elementor-element-e7d236c elementor-widget elementor-widget-text-editor\" data-id=\"e7d236c\" data-element_type=\"widget\" data-e-type=\"widget\" data-widget_type=\"text-editor.default\">\n\t\t\t\t<div class=\"elementor-widget-container\">\n\t\t\t\t\t\t\t\t\t<p>Wenn du an Z\u00f6liakie leidest oder dich glutenfrei ern\u00e4hrst, wei\u00dft du, wie wichtig es ist, sich auch im Urlaub wohlzuf\u00fchlen.<br \/>Im Hotel Panorama findest du eine <strong>sorgf\u00e4ltige und sichere glutenfreie K\u00fcche<\/strong>, mit speziellen Gerichten und gr\u00f6\u00dfter Sorgfalt: vom Fr\u00fchst\u00fccksbuffet bis zum <strong>Abendessen im Rahmen der Halbpension<\/strong>. <\/p>\n<p><strong>Reisen mit Z\u00f6liakie<\/strong> bedeutet oft, alles im Voraus kontrollieren zu m\u00fcssen.<br \/>Hier m\u00f6chten wir dir das Gegenteil bieten: einen unbeschwerten Urlaub, mit der Gewissheit, dass dein Wohlbefinden an erster Stelle steht.<\/p>\n\t\t\t\t\t\t\t\t<\/div>\n\t\t\t\t<\/div>\n\t\t\t\t<\/div>\n\t\t\t\t<div class=\"elementor-element elementor-element-f3091b2 elementor-absolute elementor-widget elementor-widget-image\" data-id=\"f3091b2\" data-element_type=\"widget\" data-e-type=\"widget\" data-settings=\"{&quot;_position&quot;:&quot;absolute&quot;,&quot;motion_fx_motion_fx_scrolling&quot;:&quot;yes&quot;,&quot;motion_fx_opacity_range&quot;:{&quot;unit&quot;:&quot;%&quot;,&quot;size&quot;:&quot;&quot;,&quot;sizes&quot;:{&quot;start&quot;:0,&quot;end&quot;:50}},&quot;motion_fx_opacity_effect&quot;:&quot;yes&quot;,&quot;motion_fx_translateY_effect&quot;:&quot;yes&quot;,&quot;motion_fx_translateY_direction&quot;:&quot;negative&quot;,&quot;motion_fx_translateY_speed&quot;:{&quot;unit&quot;:&quot;px&quot;,&quot;size&quot;:2,&quot;sizes&quot;:[]},&quot;motion_fx_devices&quot;:[&quot;desktop&quot;,&quot;laptop&quot;,&quot;tablet_extra&quot;],&quot;motion_fx_translateY_affectedRange&quot;:{&quot;unit&quot;:&quot;%&quot;,&quot;size&quot;:&quot;&quot;,&quot;sizes&quot;:{&quot;start&quot;:0,&quot;end&quot;:100}},&quot;motion_fx_opacity_direction&quot;:&quot;out-in&quot;,&quot;motion_fx_opacity_level&quot;:{&quot;unit&quot;:&quot;px&quot;,&quot;size&quot;:10,&quot;sizes&quot;:[]}}\" data-widget_type=\"image.default\">\n\t\t\t\t<div class=\"elementor-widget-container\">\n\t\t\t\t\t\t\t\t\t\t\t\t\t\t\t<img fetchpriority=\"high\" decoding=\"async\" width=\"1600\" height=\"1067\" src=\"https:\/\/www.hpanorama.it\/wp-content\/uploads\/2026\/04\/colazione62-hpanorama.webp\" class=\"attachment-full size-full wp-image-4277\" alt=\"Prodotti senza glutine con un cartello scritto &quot;Gluten Free&quot;.\" srcset=\"https:\/\/www.hpanorama.it\/wp-content\/uploads\/2026\/04\/colazione62-hpanorama.webp 1600w, https:\/\/www.hpanorama.it\/wp-content\/uploads\/2026\/04\/colazione62-hpanorama-300x200.webp 300w, https:\/\/www.hpanorama.it\/wp-content\/uploads\/2026\/04\/colazione62-hpanorama-1024x683.webp 1024w, https:\/\/www.hpanorama.it\/wp-content\/uploads\/2026\/04\/colazione62-hpanorama-768x512.webp 768w, https:\/\/www.hpanorama.it\/wp-content\/uploads\/2026\/04\/colazione62-hpanorama-1536x1024.webp 1536w\" sizes=\"(max-width: 1600px) 100vw, 1600px\" \/>\t\t\t\t\t\t\t\t\t\t\t\t\t\t\t<\/div>\n\t\t\t\t<\/div>\n\t\t\t\t\t<\/div>\n\t\t\t\t<\/div>\n\t\t<div class=\"elementor-element elementor-element-72ec387 e-con-full e-flex e-con e-parent\" data-id=\"72ec387\" data-element_type=\"container\" data-e-type=\"container\" data-settings=\"{&quot;background_background&quot;:&quot;classic&quot;}\">\n\t\t<div class=\"elementor-element elementor-element-0b47b80 e-con-full br e-flex e-con e-child\" data-id=\"0b47b80\" data-element_type=\"container\" data-e-type=\"container\" data-settings=\"{&quot;background_background&quot;:&quot;classic&quot;,&quot;background_motion_fx_motion_fx_scrolling&quot;:&quot;yes&quot;,&quot;background_motion_fx_translateX_effect&quot;:&quot;yes&quot;,&quot;background_motion_fx_translateX_speed&quot;:{&quot;unit&quot;:&quot;px&quot;,&quot;size&quot;:2,&quot;sizes&quot;:[]},&quot;background_motion_fx_devices&quot;:[&quot;desktop&quot;,&quot;laptop&quot;,&quot;tablet_extra&quot;],&quot;background_motion_fx_translateX_affectedRange&quot;:{&quot;unit&quot;:&quot;%&quot;,&quot;size&quot;:&quot;&quot;,&quot;sizes&quot;:{&quot;start&quot;:0,&quot;end&quot;:100}}}\">\n\t\t\t\t<div class=\"elementor-element elementor-element-abdc1e0 elementor-widget elementor-widget-heading\" data-id=\"abdc1e0\" data-element_type=\"widget\" data-e-type=\"widget\" data-widget_type=\"heading.default\">\n\t\t\t\t<div class=\"elementor-widget-container\">\n\t\t\t\t\t<h2 class=\"elementor-heading-title elementor-size-default\">Glutenfreie K\u00fcche: Hier ist das keine Ausnahme<\/h2>\t\t\t\t<\/div>\n\t\t\t\t<\/div>\n\t\t\t\t<div class=\"elementor-element elementor-element-84eb3a4 elementor-widget elementor-widget-text-editor\" data-id=\"84eb3a4\" data-element_type=\"widget\" data-e-type=\"widget\" data-widget_type=\"text-editor.default\">\n\t\t\t\t<div class=\"elementor-widget-container\">\n\t\t\t\t\t\t\t\t\t<p>Bei uns ist \u201eglutenfrei\u201c kein improvisiertes Gericht: Es ist Teil unserer Art zu kochen und G\u00e4ste zu empfangen.<br \/>Das liegt uns wirklich am Herzen, denn wir wissen, was es bedeutet, mit <strong>Z\u00f6liakie<\/strong> zu leben, und wie wichtig es ist, unbeschwert essen zu k\u00f6nnen.<\/p>\n\t\t\t\t\t\t\t\t<\/div>\n\t\t\t\t<\/div>\n\t\t\t\t<div class=\"elementor-element elementor-element-61544c8 elementor-widget elementor-widget-spacer\" data-id=\"61544c8\" data-element_type=\"widget\" data-e-type=\"widget\" data-widget_type=\"spacer.default\">\n\t\t\t\t<div class=\"elementor-widget-container\">\n\t\t\t\t\t\t\t<div class=\"elementor-spacer\">\n\t\t\t<div class=\"elementor-spacer-inner\"><\/div>\n\t\t<\/div>\n\t\t\t\t\t\t<\/div>\n\t\t\t\t<\/div>\n\t\t\t\t<div class=\"elementor-element elementor-element-e231457 elementor-widget elementor-widget-heading\" data-id=\"e231457\" data-element_type=\"widget\" data-e-type=\"widget\" data-widget_type=\"heading.default\">\n\t\t\t\t<div class=\"elementor-widget-container\">\n\t\t\t\t\t<h2 class=\"elementor-heading-title elementor-size-default\">Fr\u00fchst\u00fccksbuffet, auch glutenfrei<\/h2>\t\t\t\t<\/div>\n\t\t\t\t<\/div>\n\t\t\t\t<div class=\"elementor-element elementor-element-27f00c0 elementor-widget elementor-widget-text-editor\" data-id=\"27f00c0\" data-element_type=\"widget\" data-e-type=\"widget\" data-widget_type=\"text-editor.default\">\n\t\t\t\t<div class=\"elementor-widget-container\">\n\t\t\t\t\t\t\t\t\t<p>Jeden Morgen erwartet Sie ein <strong>s\u00fc\u00dfes und herzhaftes Fr\u00fchst\u00fccksbuffet<\/strong>, und auf Wunsch bereiten wir Ihnen auch <strong>glutenfreie<\/strong> Speisen zu.<br \/>Ja, auch die <strong>Fr\u00fchst\u00fcckss\u00fc\u00dfigkeiten<\/strong> k\u00f6nnen mit gr\u00f6\u00dfter Sorgfalt in einer glutenfreien Variante zubereitet werden.<\/p>\n\t\t\t\t\t\t\t\t<\/div>\n\t\t\t\t<\/div>\n\t\t\t\t<div class=\"elementor-element elementor-element-0ac003f elementor-widget elementor-widget-spacer\" data-id=\"0ac003f\" data-element_type=\"widget\" data-e-type=\"widget\" data-widget_type=\"spacer.default\">\n\t\t\t\t<div class=\"elementor-widget-container\">\n\t\t\t\t\t\t\t<div class=\"elementor-spacer\">\n\t\t\t<div class=\"elementor-spacer-inner\"><\/div>\n\t\t<\/div>\n\t\t\t\t\t\t<\/div>\n\t\t\t\t<\/div>\n\t\t\t\t<div class=\"elementor-element elementor-element-8bd37fa elementor-widget elementor-widget-heading\" data-id=\"8bd37fa\" data-element_type=\"widget\" data-e-type=\"widget\" data-widget_type=\"heading.default\">\n\t\t\t\t<div class=\"elementor-widget-container\">\n\t\t\t\t\t<h2 class=\"elementor-heading-title elementor-size-default\">Traditionelle Trentiner K\u00fcche f\u00fcr Z\u00f6liakiebetroffene<\/h2>\t\t\t\t<\/div>\n\t\t\t\t<\/div>\n\t\t\t\t<div class=\"elementor-element elementor-element-35830d5 elementor-widget elementor-widget-text-editor\" data-id=\"35830d5\" data-element_type=\"widget\" data-e-type=\"widget\" data-widget_type=\"text-editor.default\">\n\t\t\t\t<div class=\"elementor-widget-container\">\n\t\t\t\t\t\t\t\t\t<p>Wenn Sie die Bergk\u00fcche lieben, k\u00f6nnen Sie sie hier in vollen Z\u00fcgen genie\u00dfen.<br \/>Zu den Spezialit\u00e4ten, die wir auch in glutenfreier Variante anbieten, geh\u00f6ren: <strong>Kn\u00f6del, Sp\u00e4tzle, Strangolapreti<\/strong>, sowie <strong>Brot und Grissini<\/strong> und Desserts wie <strong>Sachertorte, Apfelstrudel und Ricottatorte<\/strong>.<\/p>\n\t\t\t\t\t\t\t\t<\/div>\n\t\t\t\t<\/div>\n\t\t\t\t<div class=\"elementor-element elementor-element-24504b1 elementor-widget elementor-widget-spacer\" data-id=\"24504b1\" data-element_type=\"widget\" data-e-type=\"widget\" data-widget_type=\"spacer.default\">\n\t\t\t\t<div class=\"elementor-widget-container\">\n\t\t\t\t\t\t\t<div class=\"elementor-spacer\">\n\t\t\t<div class=\"elementor-spacer-inner\"><\/div>\n\t\t<\/div>\n\t\t\t\t\t\t<\/div>\n\t\t\t\t<\/div>\n\t\t\t\t<div class=\"elementor-element elementor-element-05d4fe1 elementor-widget elementor-widget-heading\" data-id=\"05d4fe1\" data-element_type=\"widget\" data-e-type=\"widget\" data-widget_type=\"heading.default\">\n\t\t\t\t<div class=\"elementor-widget-container\">\n\t\t\t\t\t<h2 class=\"elementor-heading-title elementor-size-default\">Hotel Panorama \u2013 Glutenfrei<\/h2>\t\t\t\t<\/div>\n\t\t\t\t<\/div>\n\t\t\t\t<div class=\"elementor-element elementor-element-c111e27 elementor-widget elementor-widget-text-editor\" data-id=\"c111e27\" data-element_type=\"widget\" data-e-type=\"widget\" data-widget_type=\"text-editor.default\">\n\t\t\t\t<div class=\"elementor-widget-container\">\n\t\t\t\t\t\t\t\t\t<p>F\u00fcr alle, die ein <strong>Hotel f\u00fcr Z\u00f6liakiebetroffene in San Martino di Castrozza<\/strong> suchen, sind wir auch auf dem Portal <strong><em>Celiachia.org<\/em><\/strong> vertreten, wo Sie unseren eigenen Eintrag finden.<\/p>\n\t\t\t\t\t\t\t\t<\/div>\n\t\t\t\t<\/div>\n\t\t\t\t<div class=\"elementor-element elementor-element-e48e398 elementor-widget elementor-widget-button\" data-id=\"e48e398\" data-element_type=\"widget\" data-e-type=\"widget\" data-widget_type=\"button.default\">\n\t\t\t\t<div class=\"elementor-widget-container\">\n\t\t\t\t\t\t\t\t\t<div class=\"elementor-button-wrapper\">\n\t\t\t\t\t<a class=\"elementor-button elementor-button-link elementor-size-sm\" href=\"https:\/\/www.angolisenzaglutine.it\/angoli_senza_glutine\/hotel-e-bb\/trentino-alto-adige\/primiero-san-martino-di-castrozza\/hotel-panorama\/\" target=\"_blank\" rel=\"noopener\">\n\t\t\t\t\t\t<span class=\"elementor-button-content-wrapper\">\n\t\t\t\t\t\t\t\t\t<span class=\"elementor-button-text\">Zur Produktseite<\/span>\n\t\t\t\t\t<\/span>\n\t\t\t\t\t<\/a>\n\t\t\t\t<\/div>\n\t\t\t\t\t\t\t\t<\/div>\n\t\t\t\t<\/div>\n\t\t\t\t<\/div>\n\t\t\t\t<div class=\"elementor-element elementor-element-597d762 elementor-absolute elementor-widget elementor-widget-image\" data-id=\"597d762\" data-element_type=\"widget\" data-e-type=\"widget\" data-settings=\"{&quot;_position&quot;:&quot;absolute&quot;,&quot;motion_fx_motion_fx_scrolling&quot;:&quot;yes&quot;,&quot;motion_fx_opacity_range&quot;:{&quot;unit&quot;:&quot;%&quot;,&quot;size&quot;:&quot;&quot;,&quot;sizes&quot;:{&quot;start&quot;:0,&quot;end&quot;:50}},&quot;motion_fx_opacity_effect&quot;:&quot;yes&quot;,&quot;motion_fx_devices&quot;:[&quot;desktop&quot;,&quot;laptop&quot;,&quot;tablet_extra&quot;],&quot;motion_fx_opacity_direction&quot;:&quot;out-in&quot;,&quot;motion_fx_opacity_level&quot;:{&quot;unit&quot;:&quot;px&quot;,&quot;size&quot;:10,&quot;sizes&quot;:[]}}\" data-widget_type=\"image.default\">\n\t\t\t\t<div class=\"elementor-widget-container\">\n\t\t\t\t\t\t\t\t\t\t\t\t\t\t\t<img decoding=\"async\" width=\"2048\" height=\"1366\" src=\"https:\/\/www.hpanorama.it\/wp-content\/uploads\/2026\/04\/ristorante165-hpanorama-scaled.webp\" class=\"attachment-full size-full wp-image-4287\" alt=\"Piatto di canederli con salsa e calice di vino bianco su tavola imbandita.\" srcset=\"https:\/\/www.hpanorama.it\/wp-content\/uploads\/2026\/04\/ristorante165-hpanorama-scaled.webp 2048w, https:\/\/www.hpanorama.it\/wp-content\/uploads\/2026\/04\/ristorante165-hpanorama-300x200.webp 300w, https:\/\/www.hpanorama.it\/wp-content\/uploads\/2026\/04\/ristorante165-hpanorama-1024x683.webp 1024w, https:\/\/www.hpanorama.it\/wp-content\/uploads\/2026\/04\/ristorante165-hpanorama-768x512.webp 768w, https:\/\/www.hpanorama.it\/wp-content\/uploads\/2026\/04\/ristorante165-hpanorama-1536x1025.webp 1536w\" sizes=\"(max-width: 2048px) 100vw, 2048px\" loading=\"lazy\" \/>\t\t\t\t\t\t\t\t\t\t\t\t\t\t\t<\/div>\n\t\t\t\t<\/div>\n\t\t\t\t<\/div>\n\t\t<div class=\"elementor-element elementor-element-506868e e-flex e-con-boxed e-con e-parent\" data-id=\"506868e\" data-element_type=\"container\" data-e-type=\"container\" data-settings=\"{&quot;background_background&quot;:&quot;classic&quot;}\">\n\t\t\t\t\t<div class=\"e-con-inner\">\n\t\t\t\t<div class=\"elementor-element elementor-element-f48e3c0 elementor-widget elementor-widget-text-editor\" data-id=\"f48e3c0\" data-element_type=\"widget\" data-e-type=\"widget\" data-widget_type=\"text-editor.default\">\n\t\t\t\t<div class=\"elementor-widget-container\">\n\t\t\t\t\t\t\t\t\t<p>Wenn du m\u00f6chtest, teile uns deine W\u00fcnsche mit: Wir unterbreiten dir gerne ein ma\u00dfgeschneidertes Angebot und eine unverbindliche Anfrage, damit du deinen Urlaub ganz entspannt planen kannst.<\/p>\n\t\t\t\t\t\t\t\t<\/div>\n\t\t\t\t<\/div>\n\t\t\t\t<div class=\"elementor-element elementor-element-0ca8894 elementor-absolute elementor-widget elementor-widget-image\" data-id=\"0ca8894\" data-element_type=\"widget\" data-e-type=\"widget\" data-settings=\"{&quot;_position&quot;:&quot;absolute&quot;,&quot;motion_fx_motion_fx_scrolling&quot;:&quot;yes&quot;,&quot;motion_fx_translateY_effect&quot;:&quot;yes&quot;,&quot;motion_fx_translateY_direction&quot;:&quot;negative&quot;,&quot;motion_fx_translateY_speed&quot;:{&quot;unit&quot;:&quot;px&quot;,&quot;size&quot;:2,&quot;sizes&quot;:[]},&quot;motion_fx_devices&quot;:[&quot;desktop&quot;,&quot;laptop&quot;,&quot;tablet_extra&quot;],&quot;motion_fx_translateY_affectedRange&quot;:{&quot;unit&quot;:&quot;%&quot;,&quot;size&quot;:&quot;&quot;,&quot;sizes&quot;:{&quot;start&quot;:0,&quot;end&quot;:100}}}\" data-widget_type=\"image.default\">\n\t\t\t\t<div class=\"elementor-widget-container\">\n\t\t\t\t\t\t\t\t\t\t\t\t\t\t\t<img decoding=\"async\" src=\"https:\/\/www.hpanorama.it\/wp-content\/uploads\/2026\/02\/deco04-hpanorama.svg\" class=\"attachment-full size-full wp-image-1875\" alt=\"\" loading=\"lazy\" \/>\t\t\t\t\t\t\t\t\t\t\t\t\t\t\t<\/div>\n\t\t\t\t<\/div>\n\t\t\t\t\t<\/div>\n\t\t\t\t<\/div>\n\t\t\t\t<\/div>\n\t\t","protected":false},"excerpt":{"rendered":"<p>Glutenfrei In San Martino di Castrozza: Gastfreundschaft und glutenfreie K\u00fcche f\u00fcr Z\u00f6liakiebetroffene Wenn du an Z\u00f6liakie leidest oder dich glutenfrei ern\u00e4hrst, wei\u00dft du, wie wichtig es ist, sich auch im Urlaub wohlzuf\u00fchlen.Im Hotel Panorama findest du eine sorgf\u00e4ltige und sichere glutenfreie K\u00fcche, mit speziellen Gerichten und gr\u00f6\u00dfter Sorgfalt: vom Fr\u00fchst\u00fccksbuffet bis zum Abendessen im Rahmen [&hellip;]<\/p>\n","protected":false},"author":2,"featured_media":0,"parent":0,"menu_order":0,"comment_status":"closed","ping_status":"closed","template":"","meta":{"_acf_changed":false,"footnotes":""},"class_list":["post-3926","page","type-page","status-publish","hentry"],"acf":[],"_links":{"self":[{"href":"https:\/\/www.hpanorama.it\/de\/wp-json\/wp\/v2\/pages\/3926","targetHints":{"allow":["GET"]}}],"collection":[{"href":"https:\/\/www.hpanorama.it\/de\/wp-json\/wp\/v2\/pages"}],"about":[{"href":"https:\/\/www.hpanorama.it\/de\/wp-json\/wp\/v2\/types\/page"}],"author":[{"embeddable":true,"href":"https:\/\/www.hpanorama.it\/de\/wp-json\/wp\/v2\/users\/2"}],"replies":[{"embeddable":true,"href":"https:\/\/www.hpanorama.it\/de\/wp-json\/wp\/v2\/comments?post=3926"}],"version-history":[{"count":1,"href":"https:\/\/www.hpanorama.it\/de\/wp-json\/wp\/v2\/pages\/3926\/revisions"}],"predecessor-version":[{"id":3927,"href":"https:\/\/www.hpanorama.it\/de\/wp-json\/wp\/v2\/pages\/3926\/revisions\/3927"}],"wp:attachment":[{"href":"https:\/\/www.hpanorama.it\/de\/wp-json\/wp\/v2\/media?parent=3926"}],"curies":[{"name":"wp","href":"https:\/\/api.w.org\/{rel}","templated":true}]}}