{"id":3969,"date":"2026-04-03T16:15:51","date_gmt":"2026-04-03T14:15:51","guid":{"rendered":"https:\/\/www.hpanorama.it\/san-martino-di-castrozza-im-winter\/"},"modified":"2026-04-23T15:38:58","modified_gmt":"2026-04-23T13:38:58","slug":"san-martino-castrozza-winter","status":"publish","type":"page","link":"https:\/\/www.hpanorama.it\/de\/san-martino-castrozza-winter\/","title":{"rendered":"San Martino di Castrozza im Winter"},"content":{"rendered":"\t\t<div data-elementor-type=\"wp-page\" data-elementor-id=\"3969\" class=\"elementor elementor-3969 elementor-3110\" data-elementor-post-type=\"page\">\n\t\t\t\t<div class=\"elementor-element elementor-element-a3ecf3a e-con-full slidertop e-flex e-con e-parent\" data-id=\"a3ecf3a\" data-element_type=\"container\" data-e-type=\"container\">\n\t\t\t\t<div class=\"elementor-element elementor-element-4cf8b02 elementor-absolute elementor-invisible elementor-widget elementor-widget-image\" data-id=\"4cf8b02\" data-element_type=\"widget\" data-e-type=\"widget\" data-settings=\"{&quot;_position&quot;:&quot;absolute&quot;,&quot;motion_fx_motion_fx_scrolling&quot;:&quot;yes&quot;,&quot;motion_fx_translateY_effect&quot;:&quot;yes&quot;,&quot;motion_fx_translateY_direction&quot;:&quot;negative&quot;,&quot;motion_fx_translateY_speed&quot;:{&quot;unit&quot;:&quot;px&quot;,&quot;size&quot;:2,&quot;sizes&quot;:[]},&quot;motion_fx_devices&quot;:[&quot;desktop&quot;,&quot;laptop&quot;,&quot;tablet_extra&quot;],&quot;_animation&quot;:&quot;fadeIn&quot;,&quot;motion_fx_translateY_affectedRange&quot;:{&quot;unit&quot;:&quot;%&quot;,&quot;size&quot;:&quot;&quot;,&quot;sizes&quot;:{&quot;start&quot;:0,&quot;end&quot;:100}}}\" data-widget_type=\"image.default\">\n\t\t\t\t<div class=\"elementor-widget-container\">\n\t\t\t\t\t\t\t\t\t\t\t\t\t\t\t<img decoding=\"async\" src=\"https:\/\/www.hpanorama.it\/wp-content\/uploads\/2026\/02\/deco04-hpanorama.svg\" title=\"\" alt=\"\" loading=\"lazy\" \/>\t\t\t\t\t\t\t\t\t\t\t\t\t\t\t<\/div>\n\t\t\t\t<\/div>\n\t\t\t\t<div class=\"elementor-element elementor-element-3cad9cc elementor-widget__width-inherit elementor--h-position-center elementor--v-position-middle elementor-arrows-position-inside elementor-widget elementor-widget-slides\" data-id=\"3cad9cc\" data-element_type=\"widget\" data-e-type=\"widget\" data-settings=\"{&quot;navigation&quot;:&quot;arrows&quot;,&quot;autoplay_speed&quot;:4000,&quot;transition_speed&quot;:800,&quot;autoplay&quot;:&quot;yes&quot;,&quot;pause_on_hover&quot;:&quot;yes&quot;,&quot;pause_on_interaction&quot;:&quot;yes&quot;,&quot;infinite&quot;:&quot;yes&quot;,&quot;transition&quot;:&quot;slide&quot;}\" data-widget_type=\"slides.default\">\n\t\t\t\t<div class=\"elementor-widget-container\">\n\t\t\t\t\t\t\t\t\t<div class=\"elementor-swiper\">\n\t\t\t\t\t<div class=\"elementor-slides-wrapper elementor-main-swiper swiper\" role=\"region\" aria-roledescription=\"carousel\" aria-label=\"Slides\" dir=\"ltr\" data-animation=\"fadeInUp\">\n\t\t\t\t<div class=\"swiper-wrapper elementor-slides\">\n\t\t\t\t\t\t\t\t\t\t<div class=\"elementor-repeater-item-bbea943 swiper-slide\" role=\"group\" aria-roledescription=\"slide\"><div class=\"swiper-slide-bg\" role=\"img\" aria-label=\"Paesaggio montano innevato con vista sulle Dolomiti sotto un cielo blu con nuvole sparse.\"><\/div><div class=\"swiper-slide-inner\" ><div class=\"swiper-slide-contents\"><\/div><\/div><\/div>\t\t\t\t<\/div>\n\t\t\t\t\t\t\t<\/div>\n\t\t\t\t<\/div>\n\t\t\t\t\t\t\t\t<\/div>\n\t\t\t\t<\/div>\n\t\t<div class=\"elementor-element elementor-element-36ceba2 e-flex e-con-boxed e-con e-child\" data-id=\"36ceba2\" data-element_type=\"container\" data-e-type=\"container\" data-settings=\"{&quot;background_background&quot;:&quot;gradient&quot;,&quot;position&quot;:&quot;absolute&quot;}\">\n\t\t\t\t\t<div class=\"e-con-inner\">\n\t\t\t\t<div class=\"elementor-element elementor-element-0161e96 elementor-widget elementor-widget-heading\" data-id=\"0161e96\" data-element_type=\"widget\" data-e-type=\"widget\" data-widget_type=\"heading.default\">\n\t\t\t\t<div class=\"elementor-widget-container\">\n\t\t\t\t\t<h1 class=\"elementor-heading-title elementor-size-default\">San Martino di Castrozza im Winter<\/h1>\t\t\t\t<\/div>\n\t\t\t\t<\/div>\n\t\t\t\t<div class=\"elementor-element elementor-element-760a04a elementor-widget elementor-widget-heading\" data-id=\"760a04a\" data-element_type=\"widget\" data-e-type=\"widget\" data-widget_type=\"heading.default\">\n\t\t\t\t<div class=\"elementor-widget-container\">\n\t\t\t\t\t<h2 class=\"elementor-heading-title elementor-size-default\">Ein Skiurlaub mit Skifahren, Schneeschuhwandern und entspannten Tagen in den Dolomiten<\/h2>\t\t\t\t<\/div>\n\t\t\t\t<\/div>\n\t\t\t\t\t<\/div>\n\t\t\t\t<\/div>\n\t\t\t\t<\/div>\n\t\t<div class=\"elementor-element elementor-element-0d24c3b e-flex e-con-boxed e-con e-parent\" data-id=\"0d24c3b\" data-element_type=\"container\" data-e-type=\"container\" data-settings=\"{&quot;background_background&quot;:&quot;classic&quot;}\">\n\t\t\t\t\t<div class=\"e-con-inner\">\n\t\t<div class=\"elementor-element elementor-element-0af841c e-con-full bu e-flex e-con e-child\" data-id=\"0af841c\" data-element_type=\"container\" data-e-type=\"container\">\n\t\t\t\t<div class=\"elementor-element elementor-element-e7d236c elementor-widget elementor-widget-text-editor\" data-id=\"e7d236c\" data-element_type=\"widget\" data-e-type=\"widget\" data-widget_type=\"text-editor.default\">\n\t\t\t\t<div class=\"elementor-widget-container\">\n\t\t\t\t\t\t\t\t\t<p>Wenn der <strong>Winter<\/strong> in <strong>San Martino di Castrozza<\/strong> Einzug h\u00e4lt, ver\u00e4ndert sich die Bergwelt: ruhiger, heller, authentischer.<\/p>\n<p>Im Hotel Panorama bist du genau am richtigen Ort, um <strong>den Schnee ganz nach deinem Geschmack zu erleben<\/strong>: zwischen Pisten, Spazierg\u00e4ngen, hausgemachten K\u00f6stlichkeiten und Momenten des Wohlbefindens.<\/p>\n\t\t\t\t\t\t\t\t<\/div>\n\t\t\t\t<\/div>\n\t\t\t\t<\/div>\n\t\t\t\t<div class=\"elementor-element elementor-element-f3091b2 elementor-absolute elementor-widget elementor-widget-image\" data-id=\"f3091b2\" data-element_type=\"widget\" data-e-type=\"widget\" data-settings=\"{&quot;_position&quot;:&quot;absolute&quot;,&quot;motion_fx_motion_fx_scrolling&quot;:&quot;yes&quot;,&quot;motion_fx_opacity_range&quot;:{&quot;unit&quot;:&quot;%&quot;,&quot;size&quot;:&quot;&quot;,&quot;sizes&quot;:{&quot;start&quot;:0,&quot;end&quot;:50}},&quot;motion_fx_opacity_effect&quot;:&quot;yes&quot;,&quot;motion_fx_translateY_effect&quot;:&quot;yes&quot;,&quot;motion_fx_translateY_direction&quot;:&quot;negative&quot;,&quot;motion_fx_translateY_speed&quot;:{&quot;unit&quot;:&quot;px&quot;,&quot;size&quot;:2,&quot;sizes&quot;:[]},&quot;motion_fx_devices&quot;:[&quot;desktop&quot;,&quot;laptop&quot;,&quot;tablet_extra&quot;],&quot;motion_fx_translateY_affectedRange&quot;:{&quot;unit&quot;:&quot;%&quot;,&quot;size&quot;:&quot;&quot;,&quot;sizes&quot;:{&quot;start&quot;:0,&quot;end&quot;:100}},&quot;motion_fx_opacity_direction&quot;:&quot;out-in&quot;,&quot;motion_fx_opacity_level&quot;:{&quot;unit&quot;:&quot;px&quot;,&quot;size&quot;:10,&quot;sizes&quot;:[]}}\" data-widget_type=\"image.default\">\n\t\t\t\t<div class=\"elementor-widget-container\">\n\t\t\t\t\t\t\t\t\t\t\t\t\t\t\t<img fetchpriority=\"high\" decoding=\"async\" width=\"1600\" height=\"1067\" src=\"https:\/\/www.hpanorama.it\/wp-content\/uploads\/2026\/04\/panorami14-hpanorama.webp\" class=\"attachment-full size-full wp-image-4233\" alt=\"La luna sorge dietro una cima montuosa innevata contro un cielo blu.\" srcset=\"https:\/\/www.hpanorama.it\/wp-content\/uploads\/2026\/04\/panorami14-hpanorama.webp 1600w, https:\/\/www.hpanorama.it\/wp-content\/uploads\/2026\/04\/panorami14-hpanorama-300x200.webp 300w, https:\/\/www.hpanorama.it\/wp-content\/uploads\/2026\/04\/panorami14-hpanorama-1024x683.webp 1024w, https:\/\/www.hpanorama.it\/wp-content\/uploads\/2026\/04\/panorami14-hpanorama-768x512.webp 768w, https:\/\/www.hpanorama.it\/wp-content\/uploads\/2026\/04\/panorami14-hpanorama-1536x1024.webp 1536w\" sizes=\"(max-width: 1600px) 100vw, 1600px\" \/>\t\t\t\t\t\t\t\t\t\t\t\t\t\t\t<\/div>\n\t\t\t\t<\/div>\n\t\t\t\t\t<\/div>\n\t\t\t\t<\/div>\n\t\t<div class=\"elementor-element elementor-element-a634bdd e-flex e-con-boxed e-con e-parent\" data-id=\"a634bdd\" data-element_type=\"container\" data-e-type=\"container\" data-settings=\"{&quot;background_background&quot;:&quot;classic&quot;}\">\n\t\t\t\t\t<div class=\"e-con-inner\">\n\t\t<div class=\"elementor-element elementor-element-b231458 e-con-full bu e-flex e-con e-child\" data-id=\"b231458\" data-element_type=\"container\" data-e-type=\"container\">\n\t\t\t\t<div class=\"elementor-element elementor-element-1fa93eb elementor-widget elementor-widget-heading\" data-id=\"1fa93eb\" data-element_type=\"widget\" data-e-type=\"widget\" data-widget_type=\"heading.default\">\n\t\t\t\t<div class=\"elementor-widget-container\">\n\t\t\t\t\t<h2 class=\"elementor-heading-title elementor-size-default\">Skigebiet<\/h2>\t\t\t\t<\/div>\n\t\t\t\t<\/div>\n\t\t\t\t<div class=\"elementor-element elementor-element-9d1a39d elementor-widget elementor-widget-heading\" data-id=\"9d1a39d\" data-element_type=\"widget\" data-e-type=\"widget\" data-widget_type=\"heading.default\">\n\t\t\t\t<div class=\"elementor-widget-container\">\n\t\t\t\t\t<div class=\"elementor-heading-title elementor-size-default\">San Martino \u2013 Rolle-Pass<\/div>\t\t\t\t<\/div>\n\t\t\t\t<\/div>\n\t\t\t\t<div class=\"elementor-element elementor-element-92a5d87 elementor-widget elementor-widget-text-editor\" data-id=\"92a5d87\" data-element_type=\"widget\" data-e-type=\"widget\" data-widget_type=\"text-editor.default\">\n\t\t\t\t<div class=\"elementor-widget-container\">\n\t\t\t\t\t\t\t\t\t<p>(Entfernung 600 Meter \u2013 mit Skibusverbindung)<\/p>\n<p>Das <strong>n\u00e4chstgelegene Skigebiet<\/strong> zum Hotel Panorama befindet sich im <strong>Naturpark Paneveggio Pale di San Martino<\/strong>, der eine Landschaft von au\u00dfergew\u00f6hnlichem naturkundlichem Wert garantiert: <strong>60 Kilometer Pisten<\/strong> zwischen 1400 und 2400 Metern H\u00f6he, die sich zwischen San Martino di Castrozza und dem Passo Rolle erstrecken, mit <strong>Pisten aller Schwierigkeitsgrade<\/strong> und allem in unmittelbarer N\u00e4he, vom Parkplatz \u00fcber die <strong>Skilehrer<\/strong> bis hin zum Verleih und den Einkehrm\u00f6glichkeiten, wo man sich st\u00e4rken kann. <\/p>\n<p>Die <strong>22 Liftanlagen<\/strong> werden alle mit <strong>100 % gr\u00fcner Energie<\/strong> betrieben, was das Engagement f\u00fcr <strong>\u00f6kologische Nachhaltigkeit<\/strong> widerspiegelt. <\/p>\n<p>Die <strong>Alpe Tognola<\/strong> und das Gebiet <strong>Ces-Valcigolera<\/strong> sind durch das \u201eCarosello delle Malghe\u201c verbunden, w\u00e4hrend man am Colverde sogar nachts Ski fahren kann.<\/p>\n\t\t\t\t\t\t\t\t<\/div>\n\t\t\t\t<\/div>\n\t\t\t\t<div class=\"elementor-element elementor-element-f820244 elementor-widget elementor-widget-button\" data-id=\"f820244\" data-element_type=\"widget\" data-e-type=\"widget\" data-widget_type=\"button.default\">\n\t\t\t\t<div class=\"elementor-widget-container\">\n\t\t\t\t\t\t\t\t\t<div class=\"elementor-button-wrapper\">\n\t\t\t\t\t<a class=\"elementor-button elementor-button-link elementor-size-sm\" href=\"https:\/\/www.dolomitisuperski.com\/dam\/jcr:e40a7869-2293-4f0c-8140-a4554d77ed04\/San%20Martino%20di%20Castrozza%20Passo%20Rolle%20DSS%20WEB.pdf\" target=\"_blank\" rel=\"noopener\">\n\t\t\t\t\t\t<span class=\"elementor-button-content-wrapper\">\n\t\t\t\t\t\t\t\t\t<span class=\"elementor-button-text\">Lade den Pistenplan herunter<\/span>\n\t\t\t\t\t<\/span>\n\t\t\t\t\t<\/a>\n\t\t\t\t<\/div>\n\t\t\t\t\t\t\t\t<\/div>\n\t\t\t\t<\/div>\n\t\t\t\t<\/div>\n\t\t<div class=\"elementor-element elementor-element-6972bbd e-con-full bu e-flex e-con e-child\" data-id=\"6972bbd\" data-element_type=\"container\" data-e-type=\"container\">\n\t\t\t\t<div class=\"elementor-element elementor-element-5cd0e35 elementor-widget elementor-widget-heading\" data-id=\"5cd0e35\" data-element_type=\"widget\" data-e-type=\"widget\" data-widget_type=\"heading.default\">\n\t\t\t\t<div class=\"elementor-widget-container\">\n\t\t\t\t\t<h2 class=\"elementor-heading-title elementor-size-default\">Pr\u00e0 Nasse<\/h2>\t\t\t\t<\/div>\n\t\t\t\t<\/div>\n\t\t\t\t<div class=\"elementor-element elementor-element-983dcab elementor-widget elementor-widget-heading\" data-id=\"983dcab\" data-element_type=\"widget\" data-e-type=\"widget\" data-widget_type=\"heading.default\">\n\t\t\t\t<div class=\"elementor-widget-container\">\n\t\t\t\t\t<div class=\"elementor-heading-title elementor-size-default\">Spa\u00df im Schnee f\u00fcr Gro\u00df und Klein<\/div>\t\t\t\t<\/div>\n\t\t\t\t<\/div>\n\t\t\t\t<div class=\"elementor-element elementor-element-f0b263b elementor-widget elementor-widget-text-editor\" data-id=\"f0b263b\" data-element_type=\"widget\" data-e-type=\"widget\" data-widget_type=\"text-editor.default\">\n\t\t\t\t<div class=\"elementor-widget-container\">\n\t\t\t\t\t\t\t\t\t<p>(Entfernung 200 Meter)<\/p>\n<p>Nur einen Katzensprung von uns entfernt liegt der <strong>Nasse Park<\/strong>: ein Skischulgel\u00e4nde mit zwei Skiliften, ideal zum <strong>Skifahren lernen<\/strong>, einem Anf\u00e4ngerbereich mit F\u00f6rderband, einer Rodel- und Bobbahn sowie einer Snowtubing-Bahn f\u00fcr Abfahrten mit den Reifen. <\/p>\n<p>W\u00e4hrend die Kleinen dem Skilehrer oder der Skilehrerin folgen, k\u00f6nnen die Eltern ein Sonnenbad genie\u00dfen und auf der einladenden Terrasse der Snackbar ein wenig plaudern. <\/p>\n<p>Und warum nicht einmal einen <strong>Skislit<\/strong> ausprobieren? Dabei handelt es sich um einen speziellen Schlitten mit einem in Italien einzigartigen Patent, der vom Skilift gezogen wird, dich nach oben bringt und dir dann eine Abfahrt auf der Piste mit viel Spa\u00df erm\u00f6glicht.<\/p>\n\t\t\t\t\t\t\t\t<\/div>\n\t\t\t\t<\/div>\n\t\t\t\t<\/div>\n\t\t\t\t\t<\/div>\n\t\t\t\t<\/div>\n\t\t<div class=\"elementor-element elementor-element-b9ad242 e-flex e-con-boxed e-con e-parent\" data-id=\"b9ad242\" data-element_type=\"container\" data-e-type=\"container\" data-settings=\"{&quot;background_background&quot;:&quot;classic&quot;,&quot;shape_divider_bottom&quot;:&quot;tilt&quot;}\">\n\t\t\t\t\t<div class=\"e-con-inner\">\n\t\t\t\t<div class=\"elementor-shape elementor-shape-bottom\" aria-hidden=\"true\" data-negative=\"false\">\n\t\t\t<svg xmlns=\"http:\/\/www.w3.org\/2000\/svg\" viewBox=\"0 0 1000 100\" preserveAspectRatio=\"none\">\n\t<path class=\"elementor-shape-fill\" d=\"M0,6V0h1000v100L0,6z\"\/>\n<\/svg>\t\t<\/div>\n\t\t<div class=\"elementor-element elementor-element-2ea7d11 e-con-full bu e-flex e-con e-child\" data-id=\"2ea7d11\" data-element_type=\"container\" data-e-type=\"container\">\n\t\t\t\t<div class=\"elementor-element elementor-element-38e985b elementor-widget elementor-widget-heading\" data-id=\"38e985b\" data-element_type=\"widget\" data-e-type=\"widget\" data-widget_type=\"heading.default\">\n\t\t\t\t<div class=\"elementor-widget-container\">\n\t\t\t\t\t<h2 class=\"elementor-heading-title elementor-size-default\">Craspe<\/h2>\t\t\t\t<\/div>\n\t\t\t\t<\/div>\n\t\t\t\t<div class=\"elementor-element elementor-element-78f9622 elementor-widget elementor-widget-heading\" data-id=\"78f9622\" data-element_type=\"widget\" data-e-type=\"widget\" data-widget_type=\"heading.default\">\n\t\t\t\t<div class=\"elementor-widget-container\">\n\t\t\t\t\t<div class=\"elementor-heading-title elementor-size-default\">Schneeschuhe zur kostenlosen Nutzung f\u00fcr Wanderungen<\/div>\t\t\t\t<\/div>\n\t\t\t\t<\/div>\n\t\t\t\t<div class=\"elementor-element elementor-element-e27ee6b elementor-widget elementor-widget-text-editor\" data-id=\"e27ee6b\" data-element_type=\"widget\" data-e-type=\"widget\" data-widget_type=\"text-editor.default\">\n\t\t\t\t<div class=\"elementor-widget-container\">\n\t\t\t\t\t\t\t\t\t<p>Gerne stellen wir dir <strong>kostenlos Schneeschuhe<\/strong> zur Verf\u00fcgung, und wenn du das Angebot nutzen m\u00f6chtest, <strong>begleiten wir dich<\/strong> auf einem einfachen und angenehmen Spaziergang durch die Umgebung. <\/p>\n<p>Du kannst unsere <em>Schneeschuhe<\/em> jederzeit nutzen, egal ob du dich auf eigene Faust oder mit den <strong>Bergf\u00fchrern<\/strong> auf die ber\u00fchmtesten verschneiten Wanderwege von San Martino di Castrozza begibst: Laghetti del Colbricon, Val Venegia, Baita Segantini, Passo Rolle, Rifugio Pradidali und vieles mehr.<\/p>\n\t\t\t\t\t\t\t\t<\/div>\n\t\t\t\t<\/div>\n\t\t\t\t<\/div>\n\t\t<div class=\"elementor-element elementor-element-465003b e-con-full bu e-flex e-con e-child\" data-id=\"465003b\" data-element_type=\"container\" data-e-type=\"container\">\n\t\t\t\t<div class=\"elementor-element elementor-element-6ba921d elementor-widget elementor-widget-heading\" data-id=\"6ba921d\" data-element_type=\"widget\" data-e-type=\"widget\" data-widget_type=\"heading.default\">\n\t\t\t\t<div class=\"elementor-widget-container\">\n\t\t\t\t\t<h2 class=\"elementor-heading-title elementor-size-default\">Skilanglauf<\/h2>\t\t\t\t<\/div>\n\t\t\t\t<\/div>\n\t\t\t\t<div class=\"elementor-element elementor-element-28618e0 elementor-widget elementor-widget-heading\" data-id=\"28618e0\" data-element_type=\"widget\" data-e-type=\"widget\" data-widget_type=\"heading.default\">\n\t\t\t\t<div class=\"elementor-widget-container\">\n\t\t\t\t\t<div class=\"elementor-heading-title elementor-size-default\">Langlaufloipen und Skiverleih<\/div>\t\t\t\t<\/div>\n\t\t\t\t<\/div>\n\t\t\t\t<div class=\"elementor-element elementor-element-b0b21bf elementor-widget elementor-widget-text-editor\" data-id=\"b0b21bf\" data-element_type=\"widget\" data-e-type=\"widget\" data-widget_type=\"text-editor.default\">\n\t\t\t\t<div class=\"elementor-widget-container\">\n\t\t\t\t\t\t\t\t\t<p>(Entfernung 200 Meter)<\/p>\n<p>Das <strong>Langlaufzentrum von San Martino di Castrozza<\/strong> liegt direkt neben dem Hotel Panorama und ist <strong>zu Fu\u00df erreichbar<\/strong>.<\/p>\n<p>Es verf\u00fcgt \u00fcber einen Verleih f\u00fcr Skier, Schuhe und St\u00f6cke. Die Loipe, die am Palazzetto dello Sport beginnt, ist <strong>1 km lang<\/strong> und eignet sich <strong>auch f\u00fcr Anf\u00e4nger<\/strong>.<\/p>\n<p>Ein Teil davon befindet sich im Biotop Pr\u00e0 delle Nasse, einem Gebiet von gro\u00dfem naturkundlichem Wert. <\/p>\n<p>Wenn du weitere Pisten erkunden m\u00f6chtest, empfehlen wir dir die am Passo Rolle, in Calaita neben dem zugefrorenen See, am Passo Cereda f\u00fcr fortgeschrittene Langl\u00e4ufer und schlie\u00dflich die Ski Arena Le Peze in Im\u00e8r.<\/p>\n\t\t\t\t\t\t\t\t<\/div>\n\t\t\t\t<\/div>\n\t\t\t\t<\/div>\n\t\t\t\t\t<\/div>\n\t\t\t\t<\/div>\n\t\t<div class=\"elementor-element elementor-element-506868e e-flex e-con-boxed e-con e-parent\" data-id=\"506868e\" data-element_type=\"container\" data-e-type=\"container\" data-settings=\"{&quot;background_background&quot;:&quot;classic&quot;}\">\n\t\t\t\t\t<div class=\"e-con-inner\">\n\t\t\t\t<div class=\"elementor-element elementor-element-10efc3f elementor-widget elementor-widget-heading\" data-id=\"10efc3f\" data-element_type=\"widget\" data-e-type=\"widget\" data-widget_type=\"heading.default\">\n\t\t\t\t<div class=\"elementor-widget-container\">\n\t\t\t\t\t<h2 class=\"elementor-heading-title elementor-size-default\">Erlebnisse, nach denen man fragen sollte \u2026 und an die man sich erinnern sollte<\/h2>\t\t\t\t<\/div>\n\t\t\t\t<\/div>\n\t\t\t\t<div class=\"elementor-element elementor-element-8474545 elementor-widget elementor-widget-text-editor\" data-id=\"8474545\" data-element_type=\"widget\" data-e-type=\"widget\" data-widget_type=\"text-editor.default\">\n\t\t\t\t<div class=\"elementor-widget-container\">\n\t\t\t\t\t\t\t\t\t<p>Wenn du ein Liebhaber des <strong>Skitourengehens<\/strong> bist, haben wir hier wirklich viel f\u00fcr dich zu bieten: besondere Routen, traumhafte Touren und Aussichtspunkte, die im Winter fast unwirklich wirken.<\/p>\n<p>Der Winter hier ist nicht nur \u201eeine Woche im Schnee\u201c: Er ist eine andere Art, die Berge zu erleben \u2013 mit mehr Raum, mehr Freiheit und mehr Emotionen. <\/p>\n<p>Schreib uns f\u00fcr Informationen oder eine pers\u00f6nliche Beratung: <strong>auch \u00fcber WhatsApp<\/strong>, ganz unverbindlich. Und wenn du m\u00f6chtest, kannst du direkt \u00fcber die Website buchen, um immer das beste Angebot zu erhalten.<\/p>\n\t\t\t\t\t\t\t\t<\/div>\n\t\t\t\t<\/div>\n\t\t\t\t<div class=\"elementor-element elementor-element-1272f3a elementor-widget elementor-widget-button\" data-id=\"1272f3a\" data-element_type=\"widget\" data-e-type=\"widget\" data-widget_type=\"button.default\">\n\t\t\t\t<div class=\"elementor-widget-container\">\n\t\t\t\t\t\t\t\t\t<div class=\"elementor-button-wrapper\">\n\t\t\t\t\t<a class=\"elementor-button elementor-button-link elementor-size-sm\" href=\"https:\/\/wa.me\/390439768667\" target=\"_blank\" rel=\"noopener\">\n\t\t\t\t\t\t<span class=\"elementor-button-content-wrapper\">\n\t\t\t\t\t\t<span class=\"elementor-button-icon\">\n\t\t\t\t<svg xmlns=\"http:\/\/www.w3.org\/2000\/svg\" viewBox=\"0 0 640 640\"><path d=\"M476.9 161.1C435 119.1 379.2 96 319.9 96C197.5 96 97.9 195.6 97.9 318C97.9 357.1 108.1 395.3 127.5 429L96 544L213.7 513.1C246.1 530.8 282.6 540.1 319.8 540.1L319.9 540.1C442.2 540.1 544 440.5 544 318.1C544 258.8 518.8 203.1 476.9 161.1zM319.9 502.7C286.7 502.7 254.2 493.8 225.9 477L219.2 473L149.4 491.3L168 423.2L163.6 416.2C145.1 386.8 135.4 352.9 135.4 318C135.4 216.3 218.2 133.5 320 133.5C369.3 133.5 415.6 152.7 450.4 187.6C485.2 222.5 506.6 268.8 506.5 318.1C506.5 419.9 421.6 502.7 319.9 502.7zM421.1 364.5C415.6 361.7 388.3 348.3 383.2 346.5C378.1 344.6 374.4 343.7 370.7 349.3C367 354.9 356.4 367.3 353.1 371.1C349.9 374.8 346.6 375.3 341.1 372.5C308.5 356.2 287.1 343.4 265.6 306.5C259.9 296.7 271.3 297.4 281.9 276.2C283.7 272.5 282.8 269.3 281.4 266.5C280 263.7 268.9 236.4 264.3 225.3C259.8 214.5 255.2 216 251.8 215.8C248.6 215.6 244.9 215.6 241.2 215.6C237.5 215.6 231.5 217 226.4 222.5C221.3 228.1 207 241.5 207 268.8C207 296.1 226.9 322.5 229.6 326.2C232.4 329.9 268.7 385.9 324.4 410C359.6 425.2 373.4 426.5 391 423.9C401.7 422.3 423.8 410.5 428.4 397.5C433 384.5 433 373.4 431.6 371.1C430.3 368.6 426.6 367.2 421.1 364.5z\"><\/path><\/svg>\t\t\t<\/span>\n\t\t\t\t\t\t\t\t\t<span class=\"elementor-button-text\">Schreiben Sie uns<\/span>\n\t\t\t\t\t<\/span>\n\t\t\t\t\t<\/a>\n\t\t\t\t<\/div>\n\t\t\t\t\t\t\t\t<\/div>\n\t\t\t\t<\/div>\n\t\t\t\t<div class=\"elementor-element elementor-element-217d6ef elementor-absolute elementor-widget elementor-widget-image\" data-id=\"217d6ef\" data-element_type=\"widget\" data-e-type=\"widget\" data-settings=\"{&quot;_position&quot;:&quot;absolute&quot;,&quot;motion_fx_motion_fx_scrolling&quot;:&quot;yes&quot;,&quot;motion_fx_translateY_effect&quot;:&quot;yes&quot;,&quot;motion_fx_translateY_direction&quot;:&quot;negative&quot;,&quot;motion_fx_translateY_speed&quot;:{&quot;unit&quot;:&quot;px&quot;,&quot;size&quot;:2,&quot;sizes&quot;:[]},&quot;motion_fx_devices&quot;:[&quot;desktop&quot;,&quot;laptop&quot;,&quot;tablet_extra&quot;],&quot;motion_fx_translateY_affectedRange&quot;:{&quot;unit&quot;:&quot;%&quot;,&quot;size&quot;:&quot;&quot;,&quot;sizes&quot;:{&quot;start&quot;:0,&quot;end&quot;:100}}}\" data-widget_type=\"image.default\">\n\t\t\t\t<div class=\"elementor-widget-container\">\n\t\t\t\t\t\t\t\t\t\t\t\t\t\t\t<img decoding=\"async\" src=\"https:\/\/www.hpanorama.it\/wp-content\/uploads\/2026\/02\/deco04-hpanorama.svg\" class=\"attachment-full size-full wp-image-1875\" alt=\"\" loading=\"lazy\" \/>\t\t\t\t\t\t\t\t\t\t\t\t\t\t\t<\/div>\n\t\t\t\t<\/div>\n\t\t\t\t\t<\/div>\n\t\t\t\t<\/div>\n\t\t\t\t<\/div>\n\t\t","protected":false},"excerpt":{"rendered":"<p>San Martino di Castrozza im Winter Ein Skiurlaub mit Skifahren, Schneeschuhwandern und entspannten Tagen in den Dolomiten Wenn der Winter in San Martino di Castrozza Einzug h\u00e4lt, ver\u00e4ndert sich die Bergwelt: ruhiger, heller, authentischer. Im Hotel Panorama bist du genau am richtigen Ort, um den Schnee ganz nach deinem Geschmack zu erleben: zwischen Pisten, Spazierg\u00e4ngen, [&hellip;]<\/p>\n","protected":false},"author":2,"featured_media":0,"parent":0,"menu_order":0,"comment_status":"closed","ping_status":"closed","template":"","meta":{"_acf_changed":false,"footnotes":""},"class_list":["post-3969","page","type-page","status-publish","hentry"],"acf":[],"_links":{"self":[{"href":"https:\/\/www.hpanorama.it\/de\/wp-json\/wp\/v2\/pages\/3969","targetHints":{"allow":["GET"]}}],"collection":[{"href":"https:\/\/www.hpanorama.it\/de\/wp-json\/wp\/v2\/pages"}],"about":[{"href":"https:\/\/www.hpanorama.it\/de\/wp-json\/wp\/v2\/types\/page"}],"author":[{"embeddable":true,"href":"https:\/\/www.hpanorama.it\/de\/wp-json\/wp\/v2\/users\/2"}],"replies":[{"embeddable":true,"href":"https:\/\/www.hpanorama.it\/de\/wp-json\/wp\/v2\/comments?post=3969"}],"version-history":[{"count":1,"href":"https:\/\/www.hpanorama.it\/de\/wp-json\/wp\/v2\/pages\/3969\/revisions"}],"predecessor-version":[{"id":3970,"href":"https:\/\/www.hpanorama.it\/de\/wp-json\/wp\/v2\/pages\/3969\/revisions\/3970"}],"wp:attachment":[{"href":"https:\/\/www.hpanorama.it\/de\/wp-json\/wp\/v2\/media?parent=3969"}],"curies":[{"name":"wp","href":"https:\/\/api.w.org\/{rel}","templated":true}]}}